{"id":100671,"date":"2024-06-19T14:47:59","date_gmt":"2024-06-19T12:47:59","guid":{"rendered":"https:\/\/kisd.de\/?page_id=100671"},"modified":"2024-06-28T14:12:29","modified_gmt":"2024-06-28T12:12:29","slug":"contact-2-2","status":"publish","type":"page","link":"https:\/\/kisd.de\/en\/research\/research-center-real-time-city\/contact-2-2\/","title":{"rendered":"Network"},"content":{"rendered":"<p><strong>The network includes:<\/strong><\/p>\n<ul>\n<li>Prof. Ph.d. Canan Akoglu (Social Design, Design School Kolding, Denmark)<\/li>\n<li>Georg Barringhaus (Artistic Director CityLeaks Urban Art Festival Cologne; Director\u00a0Transurban Urban Art Archive)<\/li>\n<li>Prof. Dr. Ruedi Baur (Ruedi Baur Int\u00e9gral, Luzern \/ Paris)<\/li>\n<li>Prof. Ph.d. Peter Bertram (<span style=\"caret-color: #000000;\">The Royal <\/span><span style=\"caret-color: #000000; color: #000000;\">Danish Academy of Fine Arts, School of Architecture, Copenhagen<\/span>)<\/li>\n<li>Prof. Dr. Nathalie Bredella (Geschichte und Theorie der Architektur, Leibniz Universit\u00e4t Hannover)<\/li>\n<li>Dr. Marc Bonner (Post Doc in Game Studies and Media Studies, Universit\u00e4t zu K\u00f6ln\/Universit\u00e4t des Saarlandes)<\/li>\n<li>Prof. Dr. Gabriella Cianciolo Cosentino (Kunsthistorisches Institut, Universit\u00e4t zu K\u00f6ln)<\/li>\n<li>Johannes Geyer (Stadtraummanagement, Dezernat Stadtentwicklung Planen Bauen der Stadt K\u00f6ln)<\/li>\n<li>Dr. Chris D\u00e4hne (Architektur- und Kunstgeschichte, TU Darmstadt)<\/li>\n<li>Prof. Dr. Christian Driesen (Transformation und Gestaltung, Hochschule Darmstadt)<\/li>\n<li>Larissa Fassler, K\u00fcnstlerin, Berlin\/Vancouver<\/li>\n<li>Prof. Dr. Kathrin Friedrich (Medienwissenschaft: Digitale Medienkultur, Universit\u00e4t Bonn)<\/li>\n<li>Prof. Dr. Gesa Foken (K\u00fcnstlerisch-gestalterische Didaktik und Forschung, Hochschule Darmstadt)<\/li>\n<li>Dr. Lidia Gasperoni (Philosophie und Architekturtheorie, TU Berlin)<\/li>\n<li>Prof. Dr. Stephan G\u00fcnzel (Medien- und Kulturtheorie,\u00a0University of Applied Sciences Europe)<\/li>\n<li>Lucas Hamilcaro, Architekt\/Illustrator, raumlaborberlin und ETC collective, Marseille<\/li>\n<li>Max Hoffmann, Grafikdesigner (Autostrada Studios, Berlin)<\/li>\n<li>Kaddu Yaraax (Theater Company, Dakar, Senegal)<\/li>\n<li>Prof. Matthias Karch (Institute of Media and Design, TU Braunschweig)<\/li>\n<li>Bj\u00f6rn K\u00fchn, K\u00fcnstler, Brandenburgische Technische Universit\u00e4t Cottbus-Senftenberg (BTU)<\/li>\n<li>Prof. Dr. Sandra Kurf\u00fcrst (Institut f\u00fcr Ethnologie, Universit\u00e4t zu K\u00f6ln)<\/li>\n<li>Margrit Miebach (RWTH Aachen;\u00a0artrmx e. V., K\u00f6ln)<\/li>\n<li>David Morsi (Stabsstelle Kulturraummanagement der Stadt K\u00f6ln)<\/li>\n<li>Jason Men (UK-registered architect, AA Diploma ARB\/RIBA 2016, London\/K\u00f6ln)<\/li>\n<li>Marc Pfaff (Design &amp; Computation, TU Berlin)<\/li>\n<li>Jutta P\u00f6stges (Leiterin des Kunsthauses KAT 18, K\u00f6ln)<\/li>\n<li>Prof. Dr. Philipp Reinfeld (Experience Design, HFT Stuttgart)<\/li>\n<li>Dr. Johanna Steindorf (Media Artist &amp; Lecturer, Halle\/Saale)<\/li>\n<li>PD Dr. habil.\u00a0Marco Tamborini (Vertr.-Prof. Kulturphilosophie, Albert-Ludwigs-Universit\u00e4t Freiburg)<\/li>\n<li>Benjamin Thele (Leiter Stabsstelle Kulturraummanagement der Stadt K\u00f6ln)<\/li>\n<li>Yola Thormann, Haus der Architektur K\u00f6ln<\/li>\n<li>Dr. Stephan Willinger (Bundesinstitut f\u00fcr Bau-, Stadt- und Raumforschung [BBSR], Bonn)<\/li>\n<li>Prof. Dr. Martin Zillinger (Institut f\u00fcr Ethnologie, Universit\u00e4t zu K\u00f6ln)<\/li>\n<\/ul>\n","protected":false},"excerpt":{"rendered":"<p>The network includes: Prof. Ph.d. Canan Akoglu (Social Design, Design School Kolding, Denmark) Georg Barringhaus (Artistic Director CityLeaks Urban Art Festival Cologne; Director\u00a0Transurban Urban Art\u2026<\/p>\n","protected":false},"author":10,"featured_media":100885,"parent":100441,"menu_order":12,"comment_status":"closed","ping_status":"closed","template":"showSelectedCategory.php","meta":{"footnotes":""},"categories":[374438],"class_list":["post-100671","page","type-page","status-publish","has-post-thumbnail","hentry","category-research-center-real-time-city"],"_links":{"self":[{"href":"https:\/\/kisd.de\/en\/wp-json\/wp\/v2\/pages\/100671","targetHints":{"allow":["GET"]}}],"collection":[{"href":"https:\/\/kisd.de\/en\/wp-json\/wp\/v2\/pages"}],"about":[{"href":"https:\/\/kisd.de\/en\/wp-json\/wp\/v2\/types\/page"}],"author":[{"embeddable":true,"href":"https:\/\/kisd.de\/en\/wp-json\/wp\/v2\/users\/10"}],"replies":[{"embeddable":true,"href":"https:\/\/kisd.de\/en\/wp-json\/wp\/v2\/comments?post=100671"}],"version-history":[{"count":12,"href":"https:\/\/kisd.de\/en\/wp-json\/wp\/v2\/pages\/100671\/revisions"}],"predecessor-version":[{"id":101082,"href":"https:\/\/kisd.de\/en\/wp-json\/wp\/v2\/pages\/100671\/revisions\/101082"}],"up":[{"embeddable":true,"href":"https:\/\/kisd.de\/en\/wp-json\/wp\/v2\/pages\/100441"}],"wp:featuredmedia":[{"embeddable":true,"href":"https:\/\/kisd.de\/en\/wp-json\/wp\/v2\/media\/100885"}],"wp:attachment":[{"href":"https:\/\/kisd.de\/en\/wp-json\/wp\/v2\/media?parent=100671"}],"wp:term":[{"taxonomy":"category","embeddable":true,"href":"https:\/\/kisd.de\/en\/wp-json\/wp\/v2\/categories?post=100671"}],"curies":[{"name":"wp","href":"https:\/\/api.w.org\/{rel}","templated":true}]}}