{"id":100816,"date":"2024-06-22T14:36:12","date_gmt":"2024-06-22T12:36:12","guid":{"rendered":"https:\/\/kisd.de\/?page_id=100816"},"modified":"2024-08-08T12:02:02","modified_gmt":"2024-08-08T10:02:02","slug":"100816-2","status":"publish","type":"page","link":"https:\/\/kisd.de\/en\/research\/research-center-real-time-city\/100816-2\/","title":{"rendered":"Theses"},"content":{"rendered":"<h2><\/h2>\n<h2>In order to promote the next generation of researchers, the \u00bbReal-Time City<span class=\"A3\">\u00ab<\/span> research center supports selected design and architecture students at the TH K\u00f6ln in their final theses in the fields of media culture studies and urban design research and practice.<\/h2>\n<p><span style=\"text-decoration: underline;\">Selected theses<\/span><\/p>\n<p><span style=\"color: #000000;\">Mai Al Battat\u00a0(Integrated Design Research): \u00bbMilitarization of the Everyday: Infrastructure of Violence vs. Collective Imagination\u00ab, MA Thesis, Som Sem 2024, <span class=\"A3\">Betreuung: Prof. Dr. Carolin H\u00f6fler &amp; Prof. Philipp Heidkamp, KISD, Fakult\u00e4t f\u00fcr Kulturwissenschaften, TH K\u00f6ln.<\/span><\/span><\/p>\n<p><span style=\"color: #000000;\">Robert Hartmann (Integrated Design): \u00bbBetween Utopia and Reality \u2013 Innovations in Participative Urban\u00a0Development\u00ab, BA Thesis, SomSem 2024, Betreuung: Prof. Philipp Heidkamp, KISD, Fakult\u00e4t f\u00fcr Kulturwissenschaften, TH K\u00f6ln &amp; Claudia Auer, Dept. Architecture, Aalto University Finland.<\/span><\/p>\n<p><span style=\"color: #000000;\">Lena Renz (Integrated Design Research): \u00bbAnthropocenic Relics: Value and Remembrance of Human-Made Nature in Virtual Environments\u00ab, MA Thesis, SomSem 2024, <span class=\"A3\">Betreuung: Prof. Dr. Carolin H\u00f6fler &amp; Prof. Andreas Wrede, KISD, Fakult\u00e4t f\u00fcr Kulturwissenschaften, TH K\u00f6ln, <span style=\"text-decoration: underline;\">nominiert f\u00fcr den K\u00f6lner Design Preis 2024<\/span>.<\/span><\/span><\/p>\n<p><span style=\"color: #000000;\">Lea Gr\u00fcndler (Integrated Design): \u00bbWeathering Body: Ein biosemiotisches Echtzeit-Low-Tech-Intraface\u00ab, BA Thesis, SomSem 2024, <span class=\"A3\">Betreuung: Prof. Dr. Carolin H\u00f6fler &amp; Prof. Andreas Wrede, KISD, Fakult\u00e4t f\u00fcr Kulturwissenschaften, TH K\u00f6ln, <span style=\"text-decoration: underline;\">nominiert f\u00fcr den K\u00f6lner Design Preis 2024<\/span>.<\/span><\/span><\/p>\n<p><span style=\"color: #000000;\">Lotta Hagedorn (Integrated Design): \u00bb<span style=\"color: #993300;\"><a style=\"color: #993300;\" href=\"https:\/\/kisd.de\/projects\/flaechenwandel\/\">Fl\u00e4chenwandel<\/a><\/span>\u00ab, Intermediate, SomSem 2024, Betreuung: Prof. Carolin H\u00f6fler, KISD, Fakult\u00e4t f\u00fcr Kulturwissenschaften, TH K\u00f6ln.<\/span><\/p>\n<p><span style=\"color: #000000;\">Yvonne Lober (Integrated Design): \u00bb<\/span><span style=\"color: #993300;\"><a style=\"color: #993300;\" href=\"https:\/\/kisd.de\/theses\/bachelorarbeit-de-construct-war-yvonne-lober\/\">DE\/CONSTRUCT WAR<\/a><\/span><span class=\"A3\" style=\"color: #000000;\">\u00ab<\/span><span class=\"A3\"><span style=\"color: #000000;\">, BA Thesis, SomSem 2023, Betreuung: Prof. Dr. Carolin H\u00f6fler &amp; Prof. Andreas Wrede, KISD, Fakult\u00e4t f\u00fcr Kulturwissenschaften, TH K\u00f6ln,<\/span> <a href=\"https:\/\/kisd.de\/news\/kisd-erfolgreich-beim-koelner-design-preis-2023\/\"><span style=\"color: #993300;\">1. Preis des K\u00f6lner Design Preises 2023<\/span>.<\/a><\/span><\/p>\n<p>David Sieverding und Martin Sistig (Integrated Design): \u00bb<span style=\"color: #000000;\">Refarm the City \u2013Urbane Lebensmittelproduktion f\u00fcr eine nachhaltige und resiliente Stadt<\/span><span style=\"color: #993300;\"><span class=\"A3\" style=\"color: #000000;\">\u00ab, BA Thesis, SomSem 2023, Betreuung: Prof. Dr. Carolin H\u00f6fler &amp; Prof. Andreas Wrede, KISD, Fakult\u00e4t f\u00fcr Kulturwissenschaften, TH K\u00f6ln. <a style=\"color: #993300;\" href=\"https:\/\/kisd.de\/en\/projects\/th-koeln-supports-kisd-project-refarm-the-city-with-transfer-fund\/\">Weiterentwicklung im MA Integrated Design Research mithilfe des Transferfonds 2023\/24<\/a>.<\/span><\/span><\/p>\n<p><span style=\"color: #000000;\">Florian Fuchs (Architektur): \u00bbBoundary Architecture.\u00a0<span class=\"A3\">Architektur als Grenzobjekt f\u00fcr Kooperationsm\u00f6glichkeiten ohne Kon\u00adsens\u00a0<\/span><span class=\"A3\">in zuk\u00fcnftigen, universit\u00e4ren Lernr\u00e4umen\u00ab<\/span><span class=\"A3\">, MA Thesis,\u00a0<\/span>SomSem 2023, Betreuung: Prof. Dr. Michel M\u00fcller, Fakult\u00e4t f\u00fcr Architektur &amp; Prof. Dr. Carolin H\u00f6fler, KISD, Fakult\u00e4t f\u00fcr Kulturwissenschaften, TH K\u00f6ln<\/span><\/p>\n<p>Juliane Ahn (Integrated Design): \u00bb<span style=\"color: #993300;\"><a style=\"color: #993300;\" href=\"https:\/\/kisd.de\/theses\/city-on-demand-wie-on-demand-dienstleister-den-urbanen-raum-veraendern\/\">City On Demand \u2013 <\/a><a style=\"color: #993300;\" href=\"https:\/\/kisd.de\/theses\/city-on-demand-wie-on-demand-dienstleister-den-urbanen-raum-veraendern\/\">Wie On-Demand-Dienstleister den urbanen Raum ver\u00e4ndern<\/a><span class=\"A3\" style=\"color: #000000;\">\u00ab<\/span><\/span>, M<span style=\"color: #993300;\"><span class=\"A3\" style=\"color: #000000;\">A<\/span><\/span><span style=\"color: #993300;\"><span class=\"A3\" style=\"color: #000000;\"> Thesis, SomSem 2022, Betreuung: Prof. Dr. Carolin H\u00f6fler &amp; Prof. Dr. Lasse Scherffig, KISD, Fakult\u00e4t f\u00fcr <\/span><\/span><span style=\"color: #993300;\"><span class=\"A3\" style=\"color: #000000;\">Kulturwissenschaften, TH K\u00f6ln.<\/span><\/span><\/p>\n<p>Sally Loutfy (Integrated Design): \u00bb<span style=\"color: #993300;\"><a style=\"color: #993300;\" href=\"https:\/\/kisd.de\/en\/theses\/moments-in-space-a-retrospective-exploration-of-post-traumatic-spaces-in-places-of-conflict-m-a-sally-loutfy\/\">Moments in Space: Post-traumatic Spaces in Places of Conflict<\/a><\/span><span class=\"A3\">\u00ab<\/span><span class=\"A3\">, MA Thesis, SomSem 2022, <span style=\"color: #993300;\"><span class=\"A3\" style=\"color: #000000;\">Betreuung: Prof. Dr. Carolin H\u00f6fler &amp; Prof. Philipp Heidkamp, KISD, Fakult\u00e4t f\u00fcr Kulturwissenschaften, TH K\u00f6ln.<\/span><\/span><\/span><\/p>\n<p><span style=\"color: #000000;\">Christopher M\u00fcller (Integrated Design): \u00bbA Multi-Modal Network Approach\u00ab, MA Thesis, SomSem 2022,\u00a0Betreuung: Prof. Philipp Heidkamp, KISD, Fakult\u00e4t f\u00fcr Kulturwissenschaften, TH K\u00f6ln &amp; Prof. Kenta Ono, Graduate School of Engineering, Chiba University Japan.<\/span><\/p>\n<p>Finn Steffens (Integrated Design): \u00bb<span style=\"color: #993300;\"><a style=\"color: #993300;\" href=\"https:\/\/kisd.de\/en\/theses\/epidemic-geographies-from-infographics-to-cartography-b-a-finn-steffens\/\">Epidemic Geographies: From Infographics to Cartography<\/a><span class=\"A3\" style=\"color: #000000;\">\u00ab, BA Thesis, WinSem 2020\/21, Betreuung: Prof. Dr. Carolin H\u00f6fler &amp; Prof. Dr. Lasse Scherffig, KISD, Fakult\u00e4t f\u00fcr Kulturwissenschaften, TH K\u00f6ln. <a style=\"color: #993300;\" href=\"https:\/\/rrrreflect.org\/articles\/epidemic-geographies\">Ver\u00f6ffentlichung im Open-Access-Journal der KISD\u00a0\u00bbrrreflect \u2013 Journal of Integrated Design Research\u00ab<\/a><span style=\"color: #000000;\">.<\/span><\/span><\/span><\/p>\n<p>Tonda Budszus (Integrated Design): \u00bb<span style=\"color: #993300;\"><a style=\"color: #993300;\" href=\"https:\/\/kisd.de\/en\/theses\/scalar-crevices-reorientation-at-the-planetary-scale-b-a-by-tonda-budszus\/\">Scalar Crevices: Reorientation at the Planetary Scale<\/a><span class=\"A3\" style=\"color: #000000;\">\u00ab, BA Thesis, WinSem 2020\/2021, Betreuung: Prof. Dr. Carolin H\u00f6fler &amp; Prof. Michael Gais, KISD, Fakult\u00e4t f\u00fcr Kulturwissenschaften, TH K\u00f6ln. <a style=\"color: #993300;\" href=\"https:\/\/kisd.de\/wp-content\/uploads\/2024\/06\/201119_pp1_aggregatzustaende_tb_ansicht_web.pdf\">Theoretische Vorarbeit: BA Proposal<\/a>.<\/span><\/span><\/p>\n<p><span style=\"color: #000000;\">Anna Spiekermann (Architektur): \u00bbAn den R\u00e4ndern unserer Stadt K\u00f6ln Chorweiler<span class=\"A3\">\u00ab<\/span><span class=\"A3\">, MA Thesis,\u00a0<\/span>WinSem 2020\/21, Betreuung: Prof. Dr. Michel M\u00fcller, Fakult\u00e4t f\u00fcr Architektur &amp; Prof. Dr. Carolin H\u00f6fler, KISD, Fakult\u00e4t f\u00fcr Kulturwissenschaften, TH K\u00f6ln.<\/span><\/p>\n<p>Simon Meinberg (European Studies in Design): \u00bb<span style=\"color: #993300;\"><a style=\"color: #993300;\" href=\"https:\/\/kisd.de\/theses\/making-home-zuhause-in-der-fremde-gestalten-m-a-simon-meienberg\/\" target=\"_blank\" rel=\"noopener\">Making Home \u2013 <\/a><a style=\"color: #993300;\" href=\"https:\/\/kisd.de\/theses\/making-home-zuhause-in-der-fremde-gestalten-m-a-simon-meienberg\/\">Zuhause in der Fremde gestalten<\/a><span class=\"A3\" style=\"color: #000000;\">\u00ab<\/span><\/span>, M<span style=\"color: #993300;\"><span class=\"A3\" style=\"color: #000000;\">A<\/span><\/span><span style=\"color: #993300;\"><span class=\"A3\" style=\"color: #000000;\"> Thesis, WinSem 2018\/19, Betreuung: Prof. Dr. Carolin H\u00f6fler &amp; Prof. Philipp Heidkamp, KISD, Fakult\u00e4t f\u00fcr Kulturwissenschaften, TH K\u00f6ln, <a href=\"https:\/\/kisd.de\/termine\/making-home-zuhause-in-der-fremde-gestalten\/\">\u00f6ffentliche Ausstellung im Atelierzentrum Ehrenfeld anl\u00e4sslich der PASSAGEN 2019<\/a>.<\/span><\/span><\/p>\n<p>Sten R\u00fcderich (Integrated Design): \u00bb<span style=\"color: #993300;\"><a style=\"color: #993300;\" href=\"https:\/\/kisd.de\/theses\/algorithmic-turn-unsichtbare-bilder-algorithmischer-ueberwachung-b-a-von-sten-ruedrich\/\">Algorithmic Turn \u2013 Unsichtbare Bilder algorithmischer \u00dcberwachung<\/a><\/span><span class=\"subtitle\"><span style=\"color: #993300;\"><span class=\"A3\" style=\"color: #000000;\">\u00ab<\/span><\/span>, BA Thesis, SomSem 2018,\u00a0<span style=\"color: #993300;\"><span class=\"A3\" style=\"color: #000000;\">Betreuung: Prof. Dr. Carolin H\u00f6fler &amp; Prof. Michael Gais, KISD, Fakult\u00e4t f\u00fcr Kulturwissenschaften, TH K\u00f6ln, <a style=\"color: #993300;\" href=\"https:\/\/kisd.de\/wp-content\/uploads\/2024\/06\/Algorithmic-Turn-Sten-Rudrich.pdf\">Buchver\u00f6ffentlichung in KISDedition, 2021<\/a>.<\/span><\/span><\/span><\/p>\n<p>Anne Schirner (Integrated Design): \u00bbIn Touch With Debate:\u00a0<span class=\"subtitle\">Physicalizing Negotiation of Contested Urban Open Space<span style=\"color: #993300;\"><span class=\"A3\" style=\"color: #000000;\">\u00ab<\/span><\/span>, BA Thesis, SomSem 2016,\u00a0<span style=\"color: #993300;\"><span class=\"A3\" style=\"color: #000000;\">Betreuung: Prof. Dr. Carolin H\u00f6fler &amp; Prof. Andreas Muxel, KISD, Fakult\u00e4t f\u00fcr Kulturwissenschaften, TH K\u00f6ln, <a style=\"color: #993300;\" href=\"https:\/\/kisd.de\/wp-content\/uploads\/2024\/06\/anneschirner.pdf\">Buchver\u00f6ffentlichung in KISDedition, 2017<\/a><\/span><\/span><\/span><span class=\"subtitle\"><span style=\"color: #993300;\"><span class=\"A3\" style=\"color: #000000;\">.<\/span><\/span><\/span><\/p>\n<p>&nbsp;<\/p>\n<p>Image: \u00bb<span style=\"color: #993300;\"><a style=\"color: #993300;\" href=\"https:\/\/kisd.de\/en\/theses\/scalar-crevices-reorientation-at-the-planetary-scale-b-a-by-tonda-budszus\/\">Scalar Crevices: Reorientation at the Planetary Scale<\/a><\/span>\u00ab\u00a0by Tonda Budszus, 2020\/21.<\/p>\n","protected":false},"excerpt":{"rendered":"<p>In order to promote the next generation of researchers, the \u00bbReal-Time City\u00ab research center supports selected design and architecture students at the TH K\u00f6ln in\u2026<\/p>\n","protected":false},"author":10,"featured_media":100815,"parent":100441,"menu_order":7,"comment_status":"closed","ping_status":"closed","template":"showSelectedCategory.php","meta":{"footnotes":""},"categories":[374438],"class_list":["post-100816","page","type-page","status-publish","has-post-thumbnail","hentry","category-research-center-real-time-city"],"_links":{"self":[{"href":"https:\/\/kisd.de\/en\/wp-json\/wp\/v2\/pages\/100816","targetHints":{"allow":["GET"]}}],"collection":[{"href":"https:\/\/kisd.de\/en\/wp-json\/wp\/v2\/pages"}],"about":[{"href":"https:\/\/kisd.de\/en\/wp-json\/wp\/v2\/types\/page"}],"author":[{"embeddable":true,"href":"https:\/\/kisd.de\/en\/wp-json\/wp\/v2\/users\/10"}],"replies":[{"embeddable":true,"href":"https:\/\/kisd.de\/en\/wp-json\/wp\/v2\/comments?post=100816"}],"version-history":[{"count":10,"href":"https:\/\/kisd.de\/en\/wp-json\/wp\/v2\/pages\/100816\/revisions"}],"predecessor-version":[{"id":101236,"href":"https:\/\/kisd.de\/en\/wp-json\/wp\/v2\/pages\/100816\/revisions\/101236"}],"up":[{"embeddable":true,"href":"https:\/\/kisd.de\/en\/wp-json\/wp\/v2\/pages\/100441"}],"wp:featuredmedia":[{"embeddable":true,"href":"https:\/\/kisd.de\/en\/wp-json\/wp\/v2\/media\/100815"}],"wp:attachment":[{"href":"https:\/\/kisd.de\/en\/wp-json\/wp\/v2\/media?parent=100816"}],"wp:term":[{"taxonomy":"category","embeddable":true,"href":"https:\/\/kisd.de\/en\/wp-json\/wp\/v2\/categories?post=100816"}],"curies":[{"name":"wp","href":"https:\/\/api.w.org\/{rel}","templated":true}]}}