{"id":100862,"date":"2024-06-23T10:50:25","date_gmt":"2024-06-23T08:50:25","guid":{"rendered":"https:\/\/kisd.de\/?page_id=100862"},"modified":"2024-06-23T11:13:32","modified_gmt":"2024-06-23T09:13:32","slug":"career-cluster","status":"publish","type":"page","link":"https:\/\/kisd.de\/en\/research\/research-center-real-time-city\/career-cluster\/","title":{"rendered":"The Public of Culture"},"content":{"rendered":"<p>The \u00bbReal-Time City\u00ab research center participates in the career cluster \u00bbThe Culture of the Public,\u00ab which was established at the Faculty of Cultural Sciences as part of the BMBF-funded project <span style=\"color: #993300;\"><a style=\"color: #993300;\" href=\"https:\/\/www.th-koeln.de\/hochschule\/plan_cv-professur-laufbahn-an-haws-neu-denken_89177.php\">PLan_CV<\/a><\/span>. Within the framework of the cluster, researchers from the TH K\u00f6ln are working together with the University of Cologne and the Academy of Media Arts Cologne (KHM) to develop a practice-oriented cultural science.<\/p>\n<div>\n<p>The Career Cluster investigates how the genesis and circulation of knowledge in cultural studies, also with regard to the research-based design of artifacts, can be further developed through the creation and inclusion of public spheres that go beyond academia and higher education. Cultural studies-oriented researchers and designers often still assume top-down models \u2013 terms such as \u00bboutreach,\u00ab \u00bbmediation,\u00ab \u00bbtransfer,\u00ab or \u00bbscholarly communication\u00ab are symptomatic of this \u2013that largely understand the exchange relationships between science and the public as a one-way process. However, publics are not passive entities, but include all those who participate in cultural productions \u2013 as producers as well as recipients.<\/p>\n<p>We understand public spheres performatively as aesthetic-political practices. The cluster aims to make visible and expand collaborations with the broad arsenal of actors who have always contributed to cultural production, be it in the form of texts, documents, images, objects or spaces, as well as other artifacts.<\/p>\n<p>We want to uncover the often hidden structures and conditions under which collaborative processes are constituted and carried out. This concerns internalized rule systems as well as symbolic orders and knowledge hierarchies that are negotiated (implicitly or explicitly) within collaborations. The cluster explores what conditions need to be created, what rules need to be defined, and what mechanisms need to be understood in order to develop collaborative cultural studies. We want to explore the reasons for the marginalization of publics, design concepts of empowerment, and learn to analyze and moderate the conflicts around their implementation in the institutions of the future.<\/p>\n<p>The cluster\u2019s questions will be pursued and further developed in the context of jointly conceived conferences, exhibitions and publications.<\/p>\n<p>On November 8, 2023, the inter-university symposium \u00bb<a href=\"https:\/\/kisd.de\/en\/termine\/symposium-remembering-with-the-public-toward-a-cooperative-cultural-sciences\/\"><span style=\"color: #993300;\">Remembering with the Public: Towards a Cooperative Cultural Sciences<\/span><\/a>\u00ab took place. The aim of the event was to generate new knowledge about the dynamics of collaborative work in researching and shaping memory cultures.<\/p>\n<p>On June 6\u20138, 2024, the international and interdisciplinary conference \u00bb<a href=\"http:\/\/The event explores the interventional potential of drawing as an experiment rooted in praxis in social and cultural contexts. With the emergence of new forms of drawing and practices of cooperation, intermediation, and research along with interconnection, especially in the digital sphere, drawing is perfectly suited to initiating acts of resistance and collective participation. This kind of drawing practice interlaces situations and actions and can help to empower marginalized groups and develop social and ecological understanding.\"><span style=\"color: #993300;\">Intervening Drawing: Distillation of Form as an Act of Leaning and Social Practice<\/span><\/a>\u00ab took place. The aim of this event was to generate knowledge about new forms and practices of collective drawing that are perfectly suited to initiate acts of participation and resistance. This kind of drawing practice connects situations and actions and can contribute to the empowerment of marginalized groups and the development of social and ecological understanding.<\/p>\n<p><strong>Members<\/strong><\/p>\n<\/div>\n<ul>\n<li>Dr. Philipp Bojahr (Cologne Game Lab, TH K\u00f6ln)<\/li>\n<li>Prof. Dr. Gabriella Cianciolo Cosentino (Department of Art History, University of Cologne)<\/li>\n<li>Sonja Gaedicke, M.A. (Institute for Gender Studies, TH K\u00f6ln)<\/li>\n<li>Prof. Marco Hemmerling (Faculty of Architecture, TH K\u00f6ln)<\/li>\n<li>Prof. Dr. Carolin H\u00f6fler (K\u00f6ln International School for Design, TH K\u00f6ln) [<span style=\"text-decoration: underline;\">Spokesperson<\/span>]<\/li>\n<li>Prof. Dr. Sandra Kurf\u00fcrst (Institute of Ethnology, University of Cologne)<\/li>\n<li>Prof. Dr. Ulrike Lindner (Institute of History, University of Cologne)<\/li>\n<li>Prof. Dr. Regina Urbanek (Cologne Institute of Conservation Sciences, TH K\u00f6ln)<\/li>\n<li>Dr. Alexander van Wickeren (Scientific Coordination, Faculties of Cultural Sciences &amp; Architecture, TH K\u00f6ln)<\/li>\n<li>Prof. Andreas Wrede (K\u00f6ln International School for Design, TH K\u00f6ln)<\/li>\n<li>Prof. Dr. Martin Zillinger (Institute of Ethnology, University of Cologne)<\/li>\n<\/ul>\n<p>Image: Performance at the Ebertplatz in Cologne by Mario Frank and Konstantin Hehl, 2020.<\/p>\n","protected":false},"excerpt":{"rendered":"<p>The \u00bbReal-Time City\u00ab research center participates in the career cluster \u00bbThe Culture of the Public,\u00ab which was established at the Faculty of Cultural Sciences as\u2026<\/p>\n","protected":false},"author":10,"featured_media":100860,"parent":100441,"menu_order":10,"comment_status":"closed","ping_status":"closed","template":"","meta":{"footnotes":""},"categories":[374438],"class_list":["post-100862","page","type-page","status-publish","has-post-thumbnail","hentry","category-research-center-real-time-city"],"_links":{"self":[{"href":"https:\/\/kisd.de\/en\/wp-json\/wp\/v2\/pages\/100862","targetHints":{"allow":["GET"]}}],"collection":[{"href":"https:\/\/kisd.de\/en\/wp-json\/wp\/v2\/pages"}],"about":[{"href":"https:\/\/kisd.de\/en\/wp-json\/wp\/v2\/types\/page"}],"author":[{"embeddable":true,"href":"https:\/\/kisd.de\/en\/wp-json\/wp\/v2\/users\/10"}],"replies":[{"embeddable":true,"href":"https:\/\/kisd.de\/en\/wp-json\/wp\/v2\/comments?post=100862"}],"version-history":[{"count":6,"href":"https:\/\/kisd.de\/en\/wp-json\/wp\/v2\/pages\/100862\/revisions"}],"predecessor-version":[{"id":100872,"href":"https:\/\/kisd.de\/en\/wp-json\/wp\/v2\/pages\/100862\/revisions\/100872"}],"up":[{"embeddable":true,"href":"https:\/\/kisd.de\/en\/wp-json\/wp\/v2\/pages\/100441"}],"wp:featuredmedia":[{"embeddable":true,"href":"https:\/\/kisd.de\/en\/wp-json\/wp\/v2\/media\/100860"}],"wp:attachment":[{"href":"https:\/\/kisd.de\/en\/wp-json\/wp\/v2\/media?parent=100862"}],"wp:term":[{"taxonomy":"category","embeddable":true,"href":"https:\/\/kisd.de\/en\/wp-json\/wp\/v2\/categories?post=100862"}],"curies":[{"name":"wp","href":"https:\/\/api.w.org\/{rel}","templated":true}]}}