{"id":101043,"date":"2024-06-26T18:24:25","date_gmt":"2024-06-26T16:24:25","guid":{"rendered":"https:\/\/kisd.de\/?page_id=101043"},"modified":"2024-06-26T18:37:00","modified_gmt":"2024-06-26T16:37:00","slug":"lectures-conference-talks","status":"publish","type":"page","link":"https:\/\/kisd.de\/en\/research\/research-center-real-time-city\/lectures-conference-talks\/","title":{"rendered":"Lectures &#038; Conference Talks"},"content":{"rendered":"<h2><\/h2>\n<h2>Mediation work makes it possible to interact with different actors, to translate and communicate knowledge, to open spaces for discursive experimentation, to offer interpretations and to develop the basis for creative and social action.<\/h2>\n<p>The following is an overview of selected lectures and conference contributions by members of the \u00bbReal.Time City\u00ab research center.<\/p>\n<div id=\"subject\" class=\"accordion accordion--icon accordion--icon--left accordion--default\">\n    <div class=\"accordion__header\">\n        <a href=\"#subject\">\n\t\t\t<h3 >\n\t\t\t\t<span class=\"icon accordion__icon\"><\/span>\n\t\t\t\tProf. Philipp Heidkamp\t\t\t<\/h3>\n\t\t<\/a>\n    <\/div>\n    <div class=\"accordion__content\">\n        <p>\n<p><b>Invited Lectures and Conference Talks<\/b><\/p>\n<p>Januar 2018<br \/>\n<i>Critical Perspectives on Urban Sustainability<br \/>\n<\/i>Winter School Forres, GSA Innovation School und Highlands and Islands Enterprises<\/p>\n<p>Januar 2017<br \/>\n<i>From Tradition to Innovation<br \/>\n<\/i>Winter School Forres, Glasgow School of Arts und Highlands and Islands Enterprises<\/p>\n<p>Januar 2016<br \/>\n<i>Co-Creation in Urban Innovation Processes<br \/>\n<\/i>Winter School Forres, Glasgow School of Arts und Highlands and Islands Enterprises<\/p>\n<p>Februar 2015<span class=\"Apple-converted-space\"><br \/>\n<\/span><i>Designing Interaction for Innovation<br \/>\n<\/i>Lasalle College of the Arts, Singapore<\/p>\n<p>November 2014<br \/>\n<i>Designing Systems for Holistic User Experiences<br \/>\n<\/i>Aalto University, Helsinki<\/p>\n<p>M\u00e4rz 2014<br \/>\n<i>A Critical Review on Smart City Concepts<br \/>\n<\/i>PolyU Hongkong<\/p>\n<p>Juli 2013<br \/>\n<i>Interaktion im (Stadt)Raum<br \/>\n<\/i>FH W\u00fcrzburg, Fakult\u00e4t f\u00fcr Gestaltung<\/p>\n<p>Oktober 2012<br \/>\n<i>Interaction Design and Smart City Concepts<br \/>\n<\/i>Musashino Art University, Tokyo<\/p>\n<\/p>\n    <\/div>\n<\/div><div id=\"subject\" class=\"accordion accordion--icon accordion--icon--left accordion--default\">\n    <div class=\"accordion__header\">\n        <a href=\"#subject\">\n\t\t\t<h3 >\n\t\t\t\t<span class=\"icon accordion__icon\"><\/span>\n\t\t\t\tProf. Dr. Carolin H\u00f6fler\t\t\t<\/h3>\n\t\t<\/a>\n    <\/div>\n    <div class=\"accordion__content\">\n        <p>\n<p><strong>Invited Lectures (selection)<\/strong><\/p>\n<p>22. Mai 2023<br \/>\n<i>Raumaktualisierung. Spiele in der ephemeren Stadt<br \/>\n<\/i>Vortrag im Rahmen der Ringvorlesung der Abteilung \u00bbBau und Kultur\u00ab des Promotionskollegs NRW<\/p>\n<p>28. M\u00e4rz 2023<br \/>\n<i>Bildberichte. Zur Inszenierung einer ambivalenten Wirklichkeit<br \/>\n<\/i>Eingeladener Gastvortrag, THWS W\u00fcrzburg, Fakult\u00e4t Gestaltung (Organisation: Dr. Gesa Foken)<\/p>\n<p>23. September 2021<br \/>\n<i>Design Methodologies: Knowing [by] Design<br \/>\n<\/i>Eingeladener Vortrag an der TU M\u00fcnchen, Department Architektur \/ TUM School of Engineering and Design<\/p>\n<p>18. Oktober 2019<br \/>\n<i>Materialoperationen zwischen Kalk\u00fcl und Exzess<br \/>\n<\/i>Eingeladener Vortrag an der Kunsthochschule f\u00fcr Medien K\u00f6ln, Fachbereich Kunstwissenschaft<\/p>\n<p>16. April 2019<br \/>\n<i>Sense of Being Here: Tactile Imagery in Virtual Reality Environments<br \/>\n<\/i>Eingeladener Vortrag am Bauhaus Dessau im Master of Science Program \u00bbCOOP Design Research\u00ab<span class=\"Apple-converted-space\">\u00a0 <\/span>(Dr. Regina Bittner, Prof. Stephan Pinkau, Prof. Dr. Joachim Krausse).<\/p>\n<p>15. Januar 2019<br \/>\n<i>Morpho-Genesen \u2013 Formschichten aus Philosophie, Biologie, Architektur und Design<\/i><span class=\"Apple-converted-space\"><br \/>\n<\/span>Eingeladener Vortrag im Rahmen der Ringvorlesung des Instituts f\u00fcr Philosophie, TU Darmstadt, WS 18\/19 (Prof. Dr. Alfred Nordmann, Dr. Marco Tamborini).<\/p>\n<p>15. Juni 2018<\/p>\n<p><i>Model Acts. Modellgef\u00fchrte Prozesse in Gestaltung und Wissenschaft<br \/>\n<\/i>Eingeladener Vortrag und Workshop zum Thema \u00bbModell als interdisziplin\u00e4res Begriffsfeld\u00ab im Rahmen des Doktorandenkolloquiums der Hochschule f\u00fcr Musik und Theater \u00bbFelix Mendelssohn Bartholdy\u00ab Leipzig (Organisation: Prof. Dr. Barbara B\u00fcscher, Prof. Dr. Constanze Rora).<\/p>\n<p>11. Juli 2017<br \/>\n<i>Investigatives Design. Gestalterische Prozesse und Artefakte als Werkzeuge der Forschung<br \/>\n<\/i>Eingeladener Vortrag an der Hochschule der Bildenden K\u00fcnste, Saarbr\u00fccken, Fachbereich Design.<\/p>\n<p>20. Juni 2017<br \/>\n<i>Critical Design<br \/>\n<\/i>Eingeladener Vortrag am Institut f\u00fcr Medien, Theater und Popul\u00e4re Kultur, Universit\u00e4t Hildesheim.<\/p>\n<p>18. Januar 2017<br \/>\n<i>What Is This Thing Called Method? Zur Verst\u00e4ndigung \u00fcber Entwurfsprozesse<br \/>\n<\/i>Eingeladener Vortrag an der Universit\u00e4t Stuttgart, Fakult\u00e4t Architektur &amp; Stadtplanung.<\/p>\n<p>07. Dezember 2016<br \/>\n<i>Design in Gesellschaft<br \/>\n<\/i>Eingeladener Vortrag im Rahmen der Gastvortragsreihe \u00bbPublic Positions\u00ab des Masterstudiengangs<br \/>\n\u00bbPublic Interest Design\u00ab, Bergische Universit\u00e4t Wuppertal.<\/p>\n<p><strong>Conference Talks (selection)<\/strong><\/p>\n<p>30. November \u2013 01. Dezember 2023<br \/>\n<i>Spuren | Sp\u00fcren: Wissenspraktiken in der Transformation<br \/>\n<\/i>Jahrestagung des DFG-Graduiertenkollegs \u00bbanschlie\u00dfen \u2013 ausschlie\u00dfen\u00ab, Universit\u00e4t zu K\u00f6ln<span class=\"Apple-converted-space\"><br \/>\n<\/span>(Organisation: Prof. Dr. Joachim Harst, Prof. Dr. Stefan Kramer und Prof. Dr. Sandra Kurf\u00fcrst)<\/p>\n<p>04. \u2013 05. Mai 2023<br \/>\n<i>Virtuelle Investigationen. Zur Revision des Indizienparadigmas in Recht, Literatur und den K\u00fcnsten<br \/>\n<\/i>Interdisziplin\u00e4re Tagung am SFB 1385 \u00bbRecht und Literatur\u00ab, Westf\u00e4lische Wilhelms-Universit\u00e4t M\u00fcnster (Organisation: Prof. Dr. Joachim Harst und Dr. Nursan Celik)<\/p>\n<p>19.\u201320. Januar 2023<br \/>\n<i>Multimodal Digital Curating<br \/>\n<\/i>Online Workshop, Working Group Media Anthropology of the German Anthropological Association (GAA\/DGSKA, Deutsche Gesellschaft f\u00fcr Sozial- und Kulturanthropologie) (Organization Dr. Anja Dreschke, University of Siegen, Dr. Anna Lisa Ramella, University of Cologne, Dr. Simone Pfeifer, University of Cologne)<\/p>\n<p>25. November 2022<br \/>\n<i>Praxisgespr\u00e4che <\/i>\u00bb<i>Metaverse<\/i>\u00ab<i> im Rahmen der Ausstellung <\/i>\u00bb<i>After the Metaverse<\/i>\u00ab<br \/>\nStaatliche Hochschule f\u00fcr Gestaltung Karlsruhe, DFG-Schwerpunktprogramm \u00bbDas digitale Bild\u00ab, Projekt \u00bbAdaptive Bilder. Technik und \u00c4sthetik situativer Bildgebung\u00ab (Organisation: Dr. Moritz Queisner)<\/p>\n<p>02.\u201304. November 2022<br \/>\n<i>Are You a Model? On an Architectural Medium of Spatial Exploration<br \/>\n<\/i>International Conference, TU Darmstadt (Organization: Institute for Architecture Theory and Science [ATW], TU Darmstadt; Building History, Research &amp; Preservation; Dortmund University of Applied Sciences &amp; Arts; LOEWE Research Cluster \u00bbArchitectures of Order\u00ab; Platform for digital science &amp; research FID BAUdigital; Deutsches Architekturmuseum, Frankfurt a. M. [DAM]; Center for Critical Studies in Architecture [CCSA])<\/p>\n<p>15.\u201316. September 2022<br \/>\n<i>Digitalisierungen von Kunst und Welt. Neue Themen f\u00fcr einen kritischen Kunstunterricht<br \/>\n<\/i>Interdisziplin\u00e4re Tagung, Bergische Universit\u00e4t Wuppertal, Institut f\u00fcr Angewandte Kunst- und Bildwissenschaften (Organisation: Prof. Dr. Ulrich Heinen, Prof. Dr. Jochen Krautz, Dr. Bj\u00f6rn Blankenheim)<\/p>\n<p>16\u201317. September 2021<br \/>\n<i>Sein oder Nichtsein. Historische Theaterbauten: Nutzen und Modernisierung<br \/>\n<\/i>Interdisziplin\u00e4re Tagung, Deutsches Architekturmuseum (DAM), Frankfurt am Main (Organisation: Deutsches Nationalkomitee von ICOMOS und des DAM)<\/p>\n<p>21.\u201323. November 2019<br \/>\n<i>Image Servitude. New Dependencies in the Digital Age<br \/>\n<\/i>International conference, HfG Karlsruhe \u2013 University of Arts and Design, Art Research &amp; Media Philosophy (Organisation: Prof. Dr. Matthias Bruhn, Katharina Weinstock)<\/p>\n<p>10.\u201312. Oktober 2019<br \/>\n<i>Bauhaus-Paradigmen. Von Gestaltungsutopie zu Popkultur?<br \/>\n<\/i>3. Internationale Tagung der Fakult\u00e4t II Bildung, Architektur, K\u00fcnste, Universit\u00e4t Siegen<\/p>\n<p>20.\u201321. September 2019<br \/>\n<i>Gestaltung von Klangwelten. Zur Aktualit\u00e4t von Bauhaus-Konzepten f\u00fcr Sound-Design und auditive Architektur<br \/>\n<\/i>Interdisziplin\u00e4re Tagung, Hochschule f\u00fcr Musik Franz Liszt Weimar, Institut f\u00fcr Musikwissenschaft Weimar-Jena (Organisation: Prof. Dr. Martin Pfleiderer, Dr. Fabian Czolbe)<\/p>\n<p>12.\u201314. September 2019<br \/>\n<i>anschlie\u00dfen \u2013 ausschlie\u00dfen. Kulturelle Praktiken jenseits globaler Vernetzung<span class=\"Apple-converted-space\"><br \/>\n<\/span><\/i>Internationaler Workshop, Universit\u00e4t zu K\u00f6ln, Zentrum f\u00fcr Medienwissenschaften und Moderneforschung, Ostasiatisches Seminar (Organisation: Prof. Dr. Stefan Kramer, Dr. L\u00e9a Perraudin)<\/p>\n<p>20.\u201321. Juni 2019<br \/>\n<i>Sensing. Fragmentierte Zonen des \u00dcbergangs<br \/>\n<\/i>Symposium des Forschungskollegs \u00bbSensing: Zum Wissen sensibler Medien\u00ab, FH Potsdam, Filmuniversit\u00e4t Babelsberg &amp; Universit\u00e4t Potsdam (Organisation: Prof. Dr. Marie-Luise Angerer, Dr. Kathrin Friedrich)<\/p>\n<p>18.\u201319. M\u00e4rz 2019<br \/>\n<i>Architectonics Of Game Worlds \u2013 On Aesthetics and Mechanics, Spaces and Places, Rhythms and Philosophies<br \/>\n<\/i>International Workshop, University of Cologne, Institute of Media Culture and Theatre (Organisation: Dr. Marc Bonner)<\/p>\n<p>08. Dezember 2018<br \/>\n<i>Medien-Matrialit\u00e4ten<br \/>\n<\/i>Planungsworkshop f\u00fcr die Jahrestagung der Gesellschaft f\u00fcr Medienwissenschaft im September 2019, Universit\u00e4t zu K\u00f6ln, Institut f\u00fcr Medienkultur und Theater<\/p>\n<p>06.\u201308. Juli 2018<br \/>\n<i>Gewebe und Gef\u00fcge. Das Konzept der Textur auf der Schnittstelle von Architektur und Philosophie<br \/>\n<\/i>Internationales Symposium, Universit\u00e4t Regensburg, Institut f\u00fcr Kunstgeschichte (Organisation: Prof. Dr. Julian Jachmann, Julia Selzer)<\/p>\n<p>18.\u201320. Januar 2018<br \/>\n<i>Bewegliche Architekturen \u2013 Architektur und Bewegung<br \/>\n<\/i>Interdisziplin\u00e4re Tagung im Rahmen des DFG-Forschungsprojektes \u00bbArchitektur und Raum f\u00fcr die Auff\u00fchrungsk\u00fcnste\u00ab der Hochschule f\u00fcr Musik und Theater \u00bbFelix Mendelssohn Bartholdy\u00ab Leipzig und der Hochschule f\u00fcr Technik, Wirtschaft und Kultur Leipzig (Organisation: Prof. Dr. Barbara B\u00fccher, Prof. Dr. Annette Menting)<\/p>\n<p>29.\u201330. Juni 2017<br \/>\n<i>Remote Control: Scales of Mediated Intervention<br \/>\n<\/i>International Conference, Humboldt University Berlin, Cluster of Excellence Image Knowledge Gestaltung (Organization: Dr. des. Kathrin Friedrich, Moritz Queissner and Nina Franz)<\/p>\n<p>20. Mai 2017<br \/>\n<i>\u00bbThe Power of Display\u00ab: \u00dcber die epistemische Rolle von Ausstellungen<br \/>\n<\/i>Interdisziplin\u00e4rer Workshop, UdK Berlin, Institut f\u00fcr Geschichte und Theorie der Gestaltung in Kooperation mit dem Institut f\u00fcr Philosophie, Literatur-, Wissenschafts- und Technikgeschichte der TU Berlin (Organisation: Prof. Dr. Nathalie Bredella, Dr. Arianna Borrelli)<\/p>\n<p>19.\u2013 21. Januar 2017<br \/>\n<i>Das Diaphane. Architektur und ihre Bildlichkeit<br \/>\n<\/i>Internationale Tagung, Professur Theorie und Geschichte der modernen Architektur, Bauhaus- Universit\u00e4t Weimar (Organisation: Dr. Ulrike Kuch, Dr. Norbert Korrek).<\/p>\n<p>Further lectures and conference talks can be found at::\u00a0<span style=\"color: #993300;\"><a style=\"color: #993300;\" href=\"http:\/\/www.carolinhoefler.de\">http:\/\/www.carolinhoefler.de<\/a><\/span><\/p>\n<\/p>\n    <\/div>\n<\/div> <div id=\"subject\" class=\"accordion accordion--icon accordion--icon--left accordion--default\">\n    <div class=\"accordion__header\">\n        <a href=\"#subject\">\n\t\t\t<h3 >\n\t\t\t\t<span class=\"icon accordion__icon\"><\/span>\n\t\t\t\tProf. Andreas Wrede\t\t\t<\/h3>\n\t\t<\/a>\n    <\/div>\n    <div class=\"accordion__content\">\n        <p>\n<p><span style=\"color: #000000;\"><strong>Conference Talks\u00a0<\/strong><\/span><\/p>\n<p>6. Mai 2024<br \/>\n<em>Erinnerungskultur und identit\u00e4tspolitische Raumproduktion<\/em><br \/>\nForschungstag \u00bb<span style=\"color: #993300;\"><a style=\"color: #993300;\" href=\"https:\/\/kisd.de\/termine\/forschungstag-2024-memory-practices-societal-perspectives\/\">Memory Practices \u2013 Societal Perspectives<\/a><span style=\"color: #000000;\">\u00ab, Fakult\u00e4t f\u00fcr Kulturwissenschaften, TH K\u00f6ln (Organisation: Dr. Alexander van Wickeren, Dar\u00edo Moraz\u00e1n)<\/span><\/span><\/p>\n<p>8. November 2023<em><br \/>\nBitter Chocolate:\u00a0Postkoloniale Erinnerung erfahrbar machen <\/em>(zus. mit Jule Schacht und Moritz von Laufenberg)<br \/>\nSymposium \u00bb<span style=\"color: #993300;\"><a style=\"color: #993300;\" href=\"https:\/\/kisd.de\/termine\/symposium-mit-der-oeffentlichkeit-erinnern-fuer-eine-kooperative-kulturwissenschaft-8-november-2023\/#:~:text=Am%208.,F\u00fcr%20eine%20kooperative%20Kulturwissenschaft\u00ab%20statt.\">Mit der\u00a0\u00d6ffentlichkeit erinnern: Fu\u0308r eine kooperative Kulturwissenschaft<\/a><\/span>\u00ab, Fakult\u00e4t f\u00fcr Kulturwissenschaften, TH K\u00f6ln<\/p>\n<p><span style=\"color: #000000;\"><span style=\"caret-color: #000000;\">8. Mai 2023<br \/>\n<\/span><\/span><em>Urbane Spuren des Kolonialismus, Imperialismus und Nationalismus \u2013\u00a0Mediales Re-Framing von \u203aErinnerungsartefakten\u2039 in der Stadt K\u00f6ln<\/em><br \/>\nForschungstag \u00bb<span style=\"color: #993300;\"><a style=\"color: #993300;\" href=\"https:\/\/kisd.de\/termine\/forschungstag-2023-erinnerungsartefakte\/\">Erinnerungsartefakte<\/a><\/span>\u00ab, Fakult\u00e4t f\u00fcr Kulturwissenschaften, TH K\u00f6ln<\/p>\n<\/p>\n    <\/div>\n<\/div>\n<p>Image: Exhibition \u00bb<a href=\"https:\/\/kisd.de\/projects\/gleisland-strassenland\/\"><span style=\"color: #993300;\">Stra\u00dfenland<\/span><\/a>\u00ab in the art space \u00bbGemeinde K\u00f6ln\u00ab at the Ebertplatz, Cologne, 2020.<\/p>\n","protected":false},"excerpt":{"rendered":"<p>Mediation work makes it possible to interact with different actors, to translate and communicate knowledge, to open spaces for discursive experimentation, to offer interpretations and\u2026<\/p>\n","protected":false},"author":10,"featured_media":100614,"parent":100441,"menu_order":5,"comment_status":"closed","ping_status":"closed","template":"showSelectedCategory.php","meta":{"footnotes":""},"categories":[374438],"class_list":["post-101043","page","type-page","status-publish","has-post-thumbnail","hentry","category-research-center-real-time-city"],"_links":{"self":[{"href":"https:\/\/kisd.de\/en\/wp-json\/wp\/v2\/pages\/101043","targetHints":{"allow":["GET"]}}],"collection":[{"href":"https:\/\/kisd.de\/en\/wp-json\/wp\/v2\/pages"}],"about":[{"href":"https:\/\/kisd.de\/en\/wp-json\/wp\/v2\/types\/page"}],"author":[{"embeddable":true,"href":"https:\/\/kisd.de\/en\/wp-json\/wp\/v2\/users\/10"}],"replies":[{"embeddable":true,"href":"https:\/\/kisd.de\/en\/wp-json\/wp\/v2\/comments?post=101043"}],"version-history":[{"count":3,"href":"https:\/\/kisd.de\/en\/wp-json\/wp\/v2\/pages\/101043\/revisions"}],"predecessor-version":[{"id":101046,"href":"https:\/\/kisd.de\/en\/wp-json\/wp\/v2\/pages\/101043\/revisions\/101046"}],"up":[{"embeddable":true,"href":"https:\/\/kisd.de\/en\/wp-json\/wp\/v2\/pages\/100441"}],"wp:featuredmedia":[{"embeddable":true,"href":"https:\/\/kisd.de\/en\/wp-json\/wp\/v2\/media\/100614"}],"wp:attachment":[{"href":"https:\/\/kisd.de\/en\/wp-json\/wp\/v2\/media?parent=101043"}],"wp:term":[{"taxonomy":"category","embeddable":true,"href":"https:\/\/kisd.de\/en\/wp-json\/wp\/v2\/categories?post=101043"}],"curies":[{"name":"wp","href":"https:\/\/api.w.org\/{rel}","templated":true}]}}