{"id":4990,"date":"2015-04-14T14:59:49","date_gmt":"2015-04-14T12:59:49","guid":{"rendered":"https:\/\/kisd.de\/en\/application\/apply\/research-students\/"},"modified":"2020-01-13T11:53:12","modified_gmt":"2020-01-13T10:53:12","slug":"research-students","status":"publish","type":"page","link":"https:\/\/kisd.de\/en\/application\/joining-kisd\/research-students\/","title":{"rendered":"Research Students"},"content":{"rendered":"<h2>Als Studierende\/Studierender an einer unserer Partner-Universit\u00e4ten oder einer anderen ausw\u00e4rtigen Hochschule haben Sie die M\u00f6glichkeit, an der KISD als &#8220;Research Student&#8221; zu studieren. Sie k\u00f6nnen dabei forschen zu einem Thema\/Gegenstand\/Projekt, das Sie in einem entsprechenden Lehrgebiet vorgeschlagen haben und das nun von Ihnen und unter Betreuung durch eine KISD-Professorin\/ einen KISD-Professor weiter bearbeitet wird.<\/h2>\n<p>Als &#8220;Research Student&#8221; arbeiten Sie nicht nur gezielt an Ihrer Forschungsarbeit, sondern k\u00f6nnen auch andere Kurse und Projekte an der KISD besuchen und belegen. In dem jeweils aktuellen <a href=\"https:\/\/kisd.de\/studium\/studieren-an-der-kisd\/organisation\/\">Veranstaltungs- und Kurskalender<\/a> finden Sie dazu entsprechende Informationen und Wahlm\u00f6glichkeiten f\u00fcr wissenschaftliche Seminare oder Short-Term-Projekte. Zudem k\u00f6nnen Sie an dem von uns angebotenen Mentoring-Programm f\u00fcr Austauschstudierende teilnehmen oder an unseren zentralen Studienangeboten wie den KISDlectures, den KISDtalks and den Freitags-Pr\u00e4sentationen. Mit Einverst\u00e4ndnis Ihrer betreuenden Professorin\/ Ihres Professors an der KISD k\u00f6nnen Sie ggf. auch als Lehrassistent\/in t\u00e4tig werden.<\/p>\n<p>Bitte beachten Sie, dass wir nur Bewerbungen beachten, die Aufschluss geben \u00fcber Ihre Wahl der betreuenden Professorin\/des Professors an der KISD. Letztere m\u00fcssen zuvor ihr Einverst\u00e4ndnis geben, dass sie Ihre Forschungsarbeit f\u00fcr ein oder zwei Semester an der KISD betreuen werden.<\/p>\n<div id=\"Requirements\" class=\"accordion accordion--icon accordion--icon--left accordion--default\">\n    <div class=\"accordion__header\">\n        <a href=\"#Requirements\">\n\t\t\t<h3 >\n\t\t\t\t<span class=\"icon accordion__icon\"><\/span>\n\t\t\t\tRequirements\t\t\t<\/h3>\n\t\t<\/a>\n    <\/div>\n    <div class=\"accordion__content\">\n        <p>\n<p>Wenn Sie als &#8220;Research Student&#8221; an der KISD studieren wollen, bitten senden Sie dem International Committee der KISD Ihre Bewerbungsunterlagen mit Angabe der betreuenden Professorin\/ des Professors zu: Hier folgen Angaben dazu, was Sie desweiteren ben\u00f6tigen:<\/p>\n<ul>\n<li>\n<h5>Motivationsschreiben<\/h5>\n<p>Was ist Ihre Motivation\/ was sind Ihre Gr\u00fcnde, an der KISD studieren zu wollen und gerade diese ausgew\u00e4hlte Forschungsarbeit zu betreiben\/ in diesem Fachgebiet\/ bei dieser Professorin, diesem Professor?<\/li>\n<li>\n<h5>Empfehlungsschreiben<\/h5>\n<p>Bitte senden Sie uns ein Empfehlungsschreiben einer Professorin\/ eines Professors von Ihnen zu.<\/li>\n<li>\n<h5>Portfolio<\/h5>\n<p>Wir sind sehr daran interessiert zu sehen, was Sie zuvor gemacht haben: bitte senden Sie uns Ihr Portfolio mit einigen Arbeitsproben.<\/li>\n<li>\n<h5>Immatrikulationsbescheinigung<\/h5>\n<p>Sie m\u00fcssen w\u00e4hrend Ihres Studiums an der KISD an Ihrer jeweilgen Heimat-Universit\u00e4t immatrikuliert sein<\/li>\n<li>\n<h5>Projekt-Skizze des Forschungsvorhabens<\/h5>\n<p>Bitte senden Sie uns:<\/p>\n<ol>\n<li>eine kurze Skizze\/Darlegung Ihres Projekts,<\/li>\n<li>einen Zeitplan f\u00fcr Forschung und Projektarbeit, in dem die Struktur und die Zeitplanung deutlich werden,<\/li>\n<li>eine Visualisierung\/ Weiterentwicklung Ihrer Forschungsidee. Nutzen Sie hier ein Medium Ihrer Wahl, das am besten Ihren Vorstellungen\/dem Projekt entspricht,<\/li>\n<li>einen Vorschlag hinsichtlich der Sie betreuenden Professorin\/ des Professors an der KISD und erl\u00e4utern Sie die Gr\u00fcnde f\u00fcr Ihre Wahl.<\/li>\n<\/ol>\n<\/li>\n<\/ul>\n<\/p>\n    <\/div>\n<\/div>\n<div id=\"Deadlines\" class=\"accordion accordion--icon accordion--icon--left accordion--default\">\n    <div class=\"accordion__header\">\n        <a href=\"#Deadlines\">\n\t\t\t<h3 >\n\t\t\t\t<span class=\"icon accordion__icon\"><\/span>\n\t\t\t\tDeadlines\t\t\t<\/h3>\n\t\t<\/a>\n    <\/div>\n    <div class=\"accordion__content\">\n        <p>\n<p>Bewerbungsschluss f\u00fcr das jeweils folgende Sommersemester:<strong> 15. Dezember<\/strong><\/p>\n<p>Bewerbungsschluss f\u00fcr das jeweils folgende Wintersemester: <strong>15. Juni <\/strong><br \/>\n<\/p>\n    <\/div>\n<\/div>\n<div id=\"Information\" class=\"accordion accordion--icon accordion--icon--left accordion--default\">\n    <div class=\"accordion__header\">\n        <a href=\"#Information\">\n\t\t\t<h3 >\n\t\t\t\t<span class=\"icon accordion__icon\"><\/span>\n\t\t\t\tInformation\t\t\t<\/h3>\n\t\t<\/a>\n    <\/div>\n    <div class=\"accordion__content\">\n        <p>\n<p>Bei erfolgreicher Bewerbung und bei Zustimmung des INternational Committee und Ihrer Betreuerin\/ Ihres Betreuers erhalten Sie eine Best\u00e4tigung und ein entsprechendes offizielles Schreiben. Sie erhalten zudem weitere generelle Informationen \u00fcber das Studium an der KISD und die Best\u00e4tigung Ihrer erfolgreichen Bewerbung durch die TH K\u00f6ln (University of Applied Sciences).<\/p>\n<p>Da Sie gleichsam den Status eines regul\u00e4ren <a href=\"https:\/\/kisd.de\/en\/international\/incomings\/exchange-students\/\">Austauschstudierenden<\/a> haben, bitte beachten Sie die Hinweise zum Studium hierf\u00fcr oder finden Sie hier weitere n\u00fctzliche Informationen.<\/p>\n<p>Bitte kontaktieren Sie das <a href=\"https:\/\/kisd.de\/international\/contact-international-cooperation-center\/\">International Relations Office<\/a> der KISD, wenn Sie weitere Fragen zur Bewerbung und dem Bewerbungsverfahren, Ihrer Zulassung haben.<\/p>\n<p>Bitte beachten Sie, dass die KISD keine Stipendien vergibt. Bitte kontaktieren Sie hierzu den <a href=\"http:\/\/www.daad.de\/en\/index.html\">DAAD<\/a> oder das <a href=\"http:\/\/www.international-office.fh-koeln.de\/sekretariatenglish\/index.php\">International Office der TH K\u00f6ln<\/a>.<br \/>\n<\/p>\n    <\/div>\n<\/div>\n","protected":false},"excerpt":{"rendered":"<p>Als Studierende\/Studierender an einer unserer Partner-Universit\u00e4ten oder einer anderen ausw\u00e4rtigen Hochschule haben Sie die M\u00f6glichkeit, an der KISD als &#8220;Research Student&#8221; zu studieren. Sie k\u00f6nnen\u2026<\/p>\n","protected":false},"author":1428,"featured_media":0,"parent":97527,"menu_order":2,"comment_status":"open","ping_status":"closed","template":"","meta":{"footnotes":""},"categories":[],"class_list":["post-4990","page","type-page","status-publish","hentry"],"_links":{"self":[{"href":"https:\/\/kisd.de\/en\/wp-json\/wp\/v2\/pages\/4990","targetHints":{"allow":["GET"]}}],"collection":[{"href":"https:\/\/kisd.de\/en\/wp-json\/wp\/v2\/pages"}],"about":[{"href":"https:\/\/kisd.de\/en\/wp-json\/wp\/v2\/types\/page"}],"author":[{"embeddable":true,"href":"https:\/\/kisd.de\/en\/wp-json\/wp\/v2\/users\/1428"}],"replies":[{"embeddable":true,"href":"https:\/\/kisd.de\/en\/wp-json\/wp\/v2\/comments?post=4990"}],"version-history":[{"count":5,"href":"https:\/\/kisd.de\/en\/wp-json\/wp\/v2\/pages\/4990\/revisions"}],"predecessor-version":[{"id":89766,"href":"https:\/\/kisd.de\/en\/wp-json\/wp\/v2\/pages\/4990\/revisions\/89766"}],"up":[{"embeddable":true,"href":"https:\/\/kisd.de\/en\/wp-json\/wp\/v2\/pages\/97527"}],"wp:attachment":[{"href":"https:\/\/kisd.de\/en\/wp-json\/wp\/v2\/media?parent=4990"}],"wp:term":[{"taxonomy":"category","embeddable":true,"href":"https:\/\/kisd.de\/en\/wp-json\/wp\/v2\/categories?post=4990"}],"curies":[{"name":"wp","href":"https:\/\/api.w.org\/{rel}","templated":true}]}}