{"id":5187,"date":"2015-08-03T11:25:54","date_gmt":"2015-08-03T09:25:54","guid":{"rendered":"https:\/\/kisd.de\/en\/?page_id=5187"},"modified":"2025-02-27T11:24:44","modified_gmt":"2025-02-27T10:24:44","slug":"outgoings","status":"publish","type":"page","link":"https:\/\/kisd.de\/en\/international\/outgoings\/","title":{"rendered":"Outgoings"},"content":{"rendered":"<h2>Wir unterst\u00fctzen und motivieren unsere Studierenden, einen Studienaufenthalt im Ausland zu verbringen. Mit \u00fcber 80 Partnerhochschulen weltweit verf\u00fcgt die KISD \u00fcber gut ausgebautes Netzwerk. Dabei begreifen wir die Erfahrung von Fremdheit als erkenntnisf\u00f6rderndes Element und sehen in der Sensibilit\u00e4t f\u00fcr kulturelle Differenz einen pr\u00e4genden Aspekt des Studiums.<\/h2>\n<p>Der <a title=\"Bachelor \u00bbIntegrated Design\u00ab\" href=\"https:\/\/kisd.de\/bewerbung\/bewerbung-an-der-kisd\/bachelor-integrated-design\/\">Bachelorstudiengang \u00bbIntegrated Design\u00ab<\/a> wird in zwei Studienrichtungen angeboten, die die Studierenden im dritten Semester w\u00e4hlen.<\/p>\n<p>In der Studienrichtung \u00bbTransdisciplinary Design\u00ab entscheiden die Studierenden selbst, ob, wann und wo sie ein oder zwei Semester im Ausland verbringen m\u00f6chten. Insbesondere die au\u00dfereurop\u00e4ischen <a title=\"Partner Universit\u00e4ten\" href=\"https:\/\/kisd.de\/international\/partner-universitaten\/\">Partnerhochschulen<\/a> bieten hier interessante Studienpl\u00e4tze. Auch in internationalen Projekten haben die Studierenden die M\u00f6glichkeit, Auslandserfahrung in Kooperation mit einem Unternehmen oder einer unserer Partnerhochschulen in Asien, Amerika, Australien oder Europa zu sammeln.<\/p>\n<p>F\u00fcr die Studierenden der Studienrichtung \u00bbEuropean Design\u00ab sind Studienaufenthalte im Ausland fester Bestandteil ihres Studiums. In dem sechssemestrigenStudiengang verbringen die Studierenden ein Jahre an einer der europ\u00e4ischen Partnerhochschulen des MEDes-Verbundes. Dazu geh\u00f6ren neben der KISD:<\/p>\n<ul>\n<li><a title=\"http:\/\/www.gsa.ac.uk\/\" href=\"http:\/\/www.gsa.ac.uk\/\" target=\"_blank\" rel=\"noopener noreferrer\">Glasgow School of Art<\/a>, Glasgow\/Schottland<\/li>\n<li><a title=\"http:\/\/arts.aalto.fi\/en\/\" href=\"http:\/\/arts.aalto.fi\/en\/\" target=\"_blank\" rel=\"noopener noreferrer\">University of Art and Design<\/a>, Helsinki\/Finland<\/li>\n<li><a title=\"http:\/\/www.polimi.it\/\" href=\"http:\/\/www.polimi.it\/\" target=\"_blank\" rel=\"noopener noreferrer\">Politecnico di Milano<\/a>, Mailand\/Italien<\/li>\n<li><a href=\"http:\/\/www.ensci.com\/\" target=\"_blank\" rel=\"noopener noreferrer\">Les Ateliers\/ENSCI<\/a>, Paris\/Frankreich<\/li>\n<li><a title=\"http:\/\/www.konstfack.se\/\" href=\"http:\/\/www.konstfack.se\/\" target=\"_blank\" rel=\"noopener noreferrer\">Konstfack<\/a>, Stockholm\/Schweden<\/li>\n<li><a href=\"http:\/\/www.ua.pt\/deca\/\" target=\"_blank\" rel=\"noopener noreferrer\">University of Aveiro<\/a>, Aveiro\/Portugal<\/li>\n<\/ul>\n<p>Ein weiteres Auslandsjahr an einer zweiten der MEDes-Partnerhochschulen folgt im viersemestrigen Masterstudium.<\/p>\n<p>Weitere Informationen zur Bewerbung um einen Studienplatz an einer der Partnerhochschulen gibt es in den KISDspaces, beim International Cooperation Center und auf den Seiten des<a href=\"https:\/\/www.fh-koeln.de\/internationales\/internationales_1718.php\" target=\"_blank\" rel=\"noopener noreferrer\"> International Office der FH K\u00f6ln<\/a>. Hier bekommt man auch Tipps zu F\u00f6rderm\u00f6glichkeiten bei Studium oder Praktika im Ausland.<\/p>\n","protected":false},"excerpt":{"rendered":"<p>Wir unterst\u00fctzen und motivieren unsere Studierenden, einen Studienaufenthalt im Ausland zu verbringen. Mit \u00fcber 80 Partnerhochschulen weltweit verf\u00fcgt die KISD \u00fcber gut ausgebautes Netzwerk. Dabei\u2026<\/p>\n","protected":false},"author":1,"featured_media":102379,"parent":4982,"menu_order":3,"comment_status":"open","ping_status":"open","template":"level-3.php","meta":{"footnotes":""},"categories":[175922],"class_list":["post-5187","page","type-page","status-publish","has-post-thumbnail","hentry","category-international-en"],"_links":{"self":[{"href":"https:\/\/kisd.de\/en\/wp-json\/wp\/v2\/pages\/5187","targetHints":{"allow":["GET"]}}],"collection":[{"href":"https:\/\/kisd.de\/en\/wp-json\/wp\/v2\/pages"}],"about":[{"href":"https:\/\/kisd.de\/en\/wp-json\/wp\/v2\/types\/page"}],"author":[{"embeddable":true,"href":"https:\/\/kisd.de\/en\/wp-json\/wp\/v2\/users\/1"}],"replies":[{"embeddable":true,"href":"https:\/\/kisd.de\/en\/wp-json\/wp\/v2\/comments?post=5187"}],"version-history":[{"count":2,"href":"https:\/\/kisd.de\/en\/wp-json\/wp\/v2\/pages\/5187\/revisions"}],"predecessor-version":[{"id":97434,"href":"https:\/\/kisd.de\/en\/wp-json\/wp\/v2\/pages\/5187\/revisions\/97434"}],"up":[{"embeddable":true,"href":"https:\/\/kisd.de\/en\/wp-json\/wp\/v2\/pages\/4982"}],"wp:featuredmedia":[{"embeddable":true,"href":"https:\/\/kisd.de\/en\/wp-json\/wp\/v2\/media\/102379"}],"wp:attachment":[{"href":"https:\/\/kisd.de\/en\/wp-json\/wp\/v2\/media?parent=5187"}],"wp:term":[{"taxonomy":"category","embeddable":true,"href":"https:\/\/kisd.de\/en\/wp-json\/wp\/v2\/categories?post=5187"}],"curies":[{"name":"wp","href":"https:\/\/api.w.org\/{rel}","templated":true}]}}