{"id":5213,"date":"2015-08-03T15:14:17","date_gmt":"2015-08-03T13:14:17","guid":{"rendered":"https:\/\/kisd.de\/en\/?page_id=5213"},"modified":"2024-10-10T13:48:44","modified_gmt":"2024-10-10T11:48:44","slug":"imprint","status":"publish","type":"page","link":"https:\/\/kisd.de\/en\/imprint\/","title":{"rendered":"Imprint"},"content":{"rendered":"<p>KISD K\u00f6ln International School of Design<\/p>\n<p>Faculty of Cultural Sciences of TH K\u00f6ln<br \/>\nUbierring 40<br \/>\n50678 K\u00f6ln<br \/>\nGermany<br \/>\nPhone: +49 (0)221 8275-3607<br \/>\nFax: +49 (0)221 8275-3458<br \/>\n<a title=\"Contact\" href=\"https:\/\/kisd.de\/en\/contact\/\">Contact<\/a><\/p>\n<p>The K\u00f6ln International School of Design is an institute at the Faculty of Cultural Sciences of <a href=\"https:\/\/www.th-koeln.de\/\">TH K\u00f6ln<\/a>. The TH K\u00f6ln (Technische Hochschule K\u00f6ln) is a corporate body under public law funded by the Federal Republic of Germany and legally represented by Prof. Dr. Sylvia Heuchemer, President of TH K\u00f6ln. Summonable address:<\/p>\n<p>Claudiusstrasse 1<br \/>\n50678 K\u00f6ln<\/p>\n<h3>Responsible\u00a0Ministry:<\/h3>\n<p>Ministry of Culture and Science of\u00a0 North Rhine-Westphalia<br \/>\nV\u00f6lklinger Stra\u00dfe 49<br \/>\n40221 D\u00fcsseldorf<br \/>\nPhone: +49 (0)211 896-03 \/ -04<br \/>\nFax: +49 (0)211 896-4555 and -3220<\/p>\n<p>The K\u00f6ln International School of Design maintains and develops its website independently.<\/p>\n<h3>Technical Realisation<\/h3>\n<p>The KISD Online AG<\/p>\n<h3><strong>Disclaimer<\/strong><\/h3>\n<p>The K\u00f6ln International School of Design of the TH K\u00f6ln takes the utmost care in creating its pages. Nevertheless, errors and ambiguities cannot be completely ruled out. KISD therefore accepts no liability for the topicality, accuracy, completeness and quality of the information provided.<\/p>\n<p>Our website contains links to third-party websites (external links) over whose current and future content we have no influence. Therefore, we cannot accept any liability for this external content. The inclusion of external links does not mean that the KISD adopts the content of the linked pages as its own. The respective provider or operator of the site is always responsible for the content of the linked site. When the linked pages were first made available, they were checked for legal violations. The KISD has no positive knowledge of illegal or offensive content on the linked pages. Should the linked pages of external providers nevertheless contain illegal or offensive content, KISD expressly distances itself from this content. KISD cannot reasonably be expected to constantly monitor external links without concrete evidence of legal offences. If we become aware of the aforementioned offences, the links in question will be deleted immediately. Please inform us if illegal content can be accessed via links on the KISD website at the following e-mail address: <a href=\"mailto:presse@kisd.de\">presse@kisd.de<\/a><\/p>\n<h3>Your feedback<\/h3>\n<p>We welcome your suggestions and questions about the website. You can get in touch with us directly on our <a href=\"https:\/\/kisd.de\/en\/contact\/\">contact page<\/a>. The <a href=\"https:\/\/kisd.de\/datenschutz\/\">data protection declaration<\/a> provides information about the data collected when you visit this website.<\/p>\n","protected":false},"excerpt":{"rendered":"<p>KISD K\u00f6ln International School of Design Faculty of Cultural Sciences of TH K\u00f6ln Ubierring 40 50678 K\u00f6ln Germany Phone: +49 (0)221 8275-3607 Fax: +49 (0)221\u2026<\/p>\n","protected":false},"author":1,"featured_media":0,"parent":0,"menu_order":34,"comment_status":"closed","ping_status":"closed","template":"level-3.php","meta":{"footnotes":""},"categories":[],"class_list":["post-5213","page","type-page","status-publish","hentry"],"_links":{"self":[{"href":"https:\/\/kisd.de\/en\/wp-json\/wp\/v2\/pages\/5213","targetHints":{"allow":["GET"]}}],"collection":[{"href":"https:\/\/kisd.de\/en\/wp-json\/wp\/v2\/pages"}],"about":[{"href":"https:\/\/kisd.de\/en\/wp-json\/wp\/v2\/types\/page"}],"author":[{"embeddable":true,"href":"https:\/\/kisd.de\/en\/wp-json\/wp\/v2\/users\/1"}],"replies":[{"embeddable":true,"href":"https:\/\/kisd.de\/en\/wp-json\/wp\/v2\/comments?post=5213"}],"version-history":[{"count":10,"href":"https:\/\/kisd.de\/en\/wp-json\/wp\/v2\/pages\/5213\/revisions"}],"predecessor-version":[{"id":101584,"href":"https:\/\/kisd.de\/en\/wp-json\/wp\/v2\/pages\/5213\/revisions\/101584"}],"wp:attachment":[{"href":"https:\/\/kisd.de\/en\/wp-json\/wp\/v2\/media?parent=5213"}],"wp:term":[{"taxonomy":"category","embeddable":true,"href":"https:\/\/kisd.de\/en\/wp-json\/wp\/v2\/categories?post=5213"}],"curies":[{"name":"wp","href":"https:\/\/api.w.org\/{rel}","templated":true}]}}