{"id":5274,"date":"2015-08-05T12:18:58","date_gmt":"2015-08-05T10:18:58","guid":{"rendered":"https:\/\/kisd.de\/en\/?page_id=5274"},"modified":"2016-05-25T14:37:20","modified_gmt":"2016-05-25T12:37:20","slug":"companies","status":"publish","type":"page","link":"https:\/\/kisd.de\/en\/companies\/","title":{"rendered":"Cooperations"},"content":{"rendered":"<h1>Cooperating with KISD<\/h1>\n<h3>You are an entrepreneur, developer, researcher, or lecturer and now you would like to cooperate with KISD: For more than 20 years, KISD, an interdisciplinary and international institute of TH K\u00f6ln, has been establishing successful cooperations &#8230; <a class=\"dialog-toggle color-four\" href=\"#\">more<\/a><\/h3>\n<div class=\"dialog-toggle-content\">\n<h3>with renowned companies, institutions, communities, associations, and associations of researchers. Common projects, KISDtalks, and workshops ensure a lively exchange of experience between our partners and students.<\/h3>\n<p>KISD cooperations range from commissioned research and educational projects to development, draft, and advisory projects. Cooperation projects combine teaching, research, and development. They focus on an intensive exchange of knowledge, technology, and ideas on the development of new viewpoints and issues, problem-oriented analyses, and resolutions. KISD can be regarded as an innovative partner that promotes trend-setting projects with commitment. Cooperation and research projects with partners in business, science, and industry cover all KISD areas of expertise. Some successful cooperations include:<\/p>\n<p>Stadt K\u00f6ln, Koelnmesse GmbH, Coca Cola GmbH, Volkswagen AG, EADS, Ford-Werke GmbH, Motorola Inc., K\u00f6lner Stadtanzeiger, Telekom AG T-Labs, Goethe Institute, Stadt Leipzig, and Bundesministerium f\u00fcr Bildung und Forschung (BMBF).<\/p>\n<\/div>\n","protected":false},"excerpt":{"rendered":"<p>Cooperating with KISD You are an entrepreneur, developer, researcher, or lecturer and now you would like to cooperate with KISD: For more than 20 years,\u2026<\/p>\n","protected":false},"author":1,"featured_media":7014,"parent":0,"menu_order":23,"comment_status":"open","ping_status":"closed","template":"level-1.php","meta":{"footnotes":""},"categories":[],"class_list":["post-5274","page","type-page","status-publish","has-post-thumbnail","hentry"],"_links":{"self":[{"href":"https:\/\/kisd.de\/en\/wp-json\/wp\/v2\/pages\/5274","targetHints":{"allow":["GET"]}}],"collection":[{"href":"https:\/\/kisd.de\/en\/wp-json\/wp\/v2\/pages"}],"about":[{"href":"https:\/\/kisd.de\/en\/wp-json\/wp\/v2\/types\/page"}],"author":[{"embeddable":true,"href":"https:\/\/kisd.de\/en\/wp-json\/wp\/v2\/users\/1"}],"replies":[{"embeddable":true,"href":"https:\/\/kisd.de\/en\/wp-json\/wp\/v2\/comments?post=5274"}],"version-history":[{"count":2,"href":"https:\/\/kisd.de\/en\/wp-json\/wp\/v2\/pages\/5274\/revisions"}],"predecessor-version":[{"id":7044,"href":"https:\/\/kisd.de\/en\/wp-json\/wp\/v2\/pages\/5274\/revisions\/7044"}],"wp:featuredmedia":[{"embeddable":true,"href":"https:\/\/kisd.de\/en\/wp-json\/wp\/v2\/media\/7014"}],"wp:attachment":[{"href":"https:\/\/kisd.de\/en\/wp-json\/wp\/v2\/media?parent=5274"}],"wp:term":[{"taxonomy":"category","embeddable":true,"href":"https:\/\/kisd.de\/en\/wp-json\/wp\/v2\/categories?post=5274"}],"curies":[{"name":"wp","href":"https:\/\/api.w.org\/{rel}","templated":true}]}}