{"id":84852,"date":"2018-02-20T14:04:38","date_gmt":"2018-02-20T13:04:38","guid":{"rendered":"https:\/\/kisd.de\/en\/?page_id=84852"},"modified":"2025-01-30T17:44:49","modified_gmt":"2025-01-30T16:44:49","slug":"awards-and-distinctions","status":"publish","type":"page","link":"https:\/\/kisd.de\/en\/kisd-en\/awards-and-distinctions\/","title":{"rendered":"Awards and Distinctions"},"content":{"rendered":"<p>Over the past years, KISD students and KISD alumni have received a high amount of design awards \u2013 illustrating the high quality of KISD and its integrated design approach for various design disciplines. Here you will find a selection of these award-winning works and projects as of 2010:<\/p>\n<div id=\"Publikationen\" class=\"accordion accordion--icon accordion--icon--left accordion--default\">\n    <div class=\"accordion__header\">\n        <a href=\"#Publikationen\">\n\t\t\t<h3 >\n\t\t\t\t<span class=\"icon accordion__icon\"><\/span>\n\t\t\t\t2025\t\t\t<\/h3>\n\t\t<\/a>\n    <\/div>\n    <div class=\"accordion__content\">\n        <p>\n<ul>\n<li>tba<\/li>\n<\/ul>\n<\/p>\n    <\/div>\n<\/div>\n<div id=\"Publikationen\" class=\"accordion accordion--icon accordion--icon--left accordion--default\">\n    <div class=\"accordion__header\">\n        <a href=\"#Publikationen\">\n\t\t\t<h3 >\n\t\t\t\t<span class=\"icon accordion__icon\"><\/span>\n\t\t\t\t2024\t\t\t<\/h3>\n\t\t<\/a>\n    <\/div>\n    <div class=\"accordion__content\">\n        <p>\n<ul>\n<li>Theresa Tropschuh: \u2018K\u00fche machen M\u00fche (Cows cause trouble)\u2019, 1st place, Cologne Design Award 2024<\/li>\n<li>Serin Gatzweiler: \u2018Schmerzen im System (Pain in the system)\u2019, 2nd place, Cologne Design Award 2024 <\/li>\n<li>Jannik Bussmann: \u2018Memories from Above &#8211; Mapping the Perspectives of Global Narrative Landscapes\u2019, 3rd place, Cologne Design Award 2024<\/li>\n<li>Byron Co: winner of \u2018Kunst an K\u00f6lner Litfa\u00dfs\u00e4ule\u2019 with his master&#8217;s thesis \u2018MOMENTOUS &#8211; Emerging images from archives\u2019<\/li>\n<li>Sanja Z\u00fcndorf: Winner of the Kultur- und Kreativpilot:innen, an award donated by the German government for creative entrepreneurs<\/li>\n<li>Klara Tekath: Winner of the poster competition for the 35th German Camera Award 2025<\/li>\n<li>Nicolas Salfner: \u2018Munch\u2019, 38th poster competition of the German Student Union 2024, 2nd place<\/li>\n<\/ul>\n<ul>\nFurther prizes:<\/p>\n<li>Award of the K\u00f6lner Klopfer 2024, Cologne Design Prize from KISD students to the best designer of the year 2024. Winner: \u2018Das Wetter &#8211; Magazin f\u00fcr Text und Musik\u2019 \t<\/li>\n<li>Prof Dr Laura Popplow and Prof Dr Lasse Scherffig: \u2018Entwurf\u2019 teaching project, winner of the TH K\u00f6ln teaching prize 2024 <\/li>\n<\/ul>\n<\/p>\n    <\/div>\n<\/div>\n<div id=\"Publikationen\" class=\"accordion accordion--icon accordion--icon--left accordion--default\">\n    <div class=\"accordion__header\">\n        <a href=\"#Publikationen\">\n\t\t\t<h3 >\n\t\t\t\t<span class=\"icon accordion__icon\"><\/span>\n\t\t\t\t2023\t\t\t<\/h3>\n\t\t<\/a>\n    <\/div>\n    <div class=\"accordion__content\">\n        <p>\n<ul>\n<li>Yvonne Lober: \u00bbDe\/construct\/war\u00ab, Cologne Design Price 2023, 1st place<\/li>\n<li>Julius Walsch: \u00bbKlang-K\u00f6rper \/\/ Arte:fakta FT-1\u00ab, Cologne Design Price 2023, 3rd place<\/li>\n<li>Sanja Z\u00fcndorf: \u201eentz\u00fcck dich selbst\u201c, Cologne Design Price 2023, Special Price<\/li>\n<li>Larissa Zielbauer: \u201eDas Scham\u00e4leon\u201d \/ Kamishibai und Bilderbuch \u201eKritzelkn\u00e4uel. Frida sch\u00e4mt sich. Nicht.\u201c, Cologne Design Price 2023, audience award<\/li>\n<li>Luiza Talamini: Winner of the poster competition for the 34. Deutscher Kamerapreis 2024<\/li>\n<\/ul>\n<div id=\"Publikationen\" class=\"accordion accordion--icon accordion--icon--left accordion--default\">\n    <div class=\"accordion__header\">\n        <a href=\"#Publikationen\">\n\t\t\t<h3 >\n\t\t\t\t<span class=\"icon accordion__icon\"><\/span>\n\t\t\t\t2022\t\t\t<\/h3>\n\t\t<\/a>\n    <\/div>\n    <div class=\"accordion__content\">\n        <p><\/p>\n    <\/div>\n<\/div>\n<ul>\n<li>Anastasiar Bondar: \u00bbA Toilet Paper\u00ab, Cologne Design Price K\u00f6lner Design Preis 2022, 1. Platz<\/li>\n<li>Johanna Poncar: \u00bbFruchtpapier\u00ab, Cologne Design Price 2022, 2nd place<\/li>\n<li>Lisa M. Mantel and Laura J. Wagner: \u00bbBorrowed Limbs\u00ab, Cologne Design Price 2022, 3rd place<\/li>\n<li>Christin Vorbrugg: \u00bbDigitalisierung macht einsam\u00ab, Edition of Nationwide Poster Competition by Deutsches Studentenwerk (German Student Union), 1st place<\/li>\n<li>Tassilo Morino and team: &#8220;Senf.app&#8221;, 3rd German Digital Day 2022, award for digital togetherness<\/li>\n<\/ul>\n<\/p>\n    <\/div>\n<\/div>\n<div id=\"Publikationen\" class=\"accordion accordion--icon accordion--icon--left accordion--default\">\n    <div class=\"accordion__header\">\n        <a href=\"#Publikationen\">\n\t\t\t<h3 >\n\t\t\t\t<span class=\"icon accordion__icon\"><\/span>\n\t\t\t\t2021\t\t\t<\/h3>\n\t\t<\/a>\n    <\/div>\n    <div class=\"accordion__content\">\n        <p>\n<ul>\n<li>Chandra Sperle: \u00bbSchriftk\u00f6rper\u00ab, Cologne Design Price 2021, 1st place<\/li>\n<li>Theresa Tropschuh: \u00bbPressk\u00f6rper\u00ab, Cologne Design Price 2021, 2nd place<\/li>\n<li>Carolin Schabbing: \u00bbData goes Scenographic\u00ab, Cologne Design Price 2021, 3rd place 1<\/li>\n<li>Sanja Alessia Z\u00fcndorf: \u00bbPOV-Mag\u00ab, Cologne Design Price 2021, 3rd place 2<\/li>\n<\/ul>\n<\/p>\n    <\/div>\n<\/div>\n<div id=\"Publikationen\" class=\"accordion accordion--icon accordion--icon--left accordion--default\">\n    <div class=\"accordion__header\">\n        <a href=\"#Publikationen\">\n\t\t\t<h3 >\n\t\t\t\t<span class=\"icon accordion__icon\"><\/span>\n\t\t\t\t2020\t\t\t<\/h3>\n\t\t<\/a>\n    <\/div>\n    <div class=\"accordion__content\">\n        <p>\n<ul>\n<li>Pia-Marie Stute and Katja Trinkwalder: &#8220;Accessories For The Paranoid&#8221;, Core77 Design Award, Category: Speculative Design<\/li>\n<li>Pia-Marie Stute: \u00bbBlack Box Experience\u00ab, Cologne Design Price 2020, 1st place<\/li>\n<li>Jennifer Pilawa: \u00bbCompanion\u00ab, Cologne Design Price 2020, 3rd place<\/li>\n<\/ul>\n<\/p>\n    <\/div>\n<\/div>\n<div id=\"Publikationen\" class=\"accordion accordion--icon accordion--icon--left accordion--default\">\n    <div class=\"accordion__header\">\n        <a href=\"#Publikationen\">\n\t\t\t<h3 >\n\t\t\t\t<span class=\"icon accordion__icon\"><\/span>\n\t\t\t\t2019\t\t\t<\/h3>\n\t\t<\/a>\n    <\/div>\n    <div class=\"accordion__content\">\n        <p>\n<ul>\n<li>Valentin Schlitt, \u00bbSchwarzmalerei\u00ab, Edition of Nationwide Poster Competition 2022 by Deutsches Studentenwerk (German Student Union), 1st place<\/li>\n<li>Bartos Scharmach, \u00bbBuilding Confidence in Fully Autonomous Vehicles\u00ab, Steinm\u00fcller-Engineering Incentive Award, 1st place<\/li>\n<li>Charla Sperle, Tonda Budszus, Florian F\u00e4rber, Lucia Castellanos, Clara Schramm, Rubine Smolka: Art catalogue &#8220;Akademie&#8221;, Longlist der sch\u00f6nsten deutschen B\u00fccher (longlist of the most beautiful German books) by Stiftung Buchkunst<\/li>\n<\/ul>\n<\/p>\n    <\/div>\n<\/div>\n<div id=\"Publikationen\" class=\"accordion accordion--icon accordion--icon--left accordion--default\">\n    <div class=\"accordion__header\">\n        <a href=\"#Publikationen\">\n\t\t\t<h3 >\n\t\t\t\t<span class=\"icon accordion__icon\"><\/span>\n\t\t\t\t2018\t\t\t<\/h3>\n\t\t<\/a>\n    <\/div>\n    <div class=\"accordion__content\">\n        <p>\n<ul>\n<li>Maciej Puzon, Caspar Schmitz (dreikant): \u00bbLichtkuppel essertop\u00ab, German Design Award 2018, Category: Excellent Product Design\/Building and Elements<\/li>\n<li>Thorsten Frackenpohl, Andr\u00e9 Poulheim (noto.design): \u00bbauroSTOR\u00ab, German Design Award 2018, Category: Excellent Product Design\/Energy<\/li>\n<li>Thyl Juncker (Desino): \u00bb Rollstuhl radius\u00ab, German Design Award 2018, Category: Medical, Rehabilitation and Health Care<\/li>\n<li>Yu-Min Tsai: &#8220;Where am I&#8221;, Edition of Nationwide Poster Competition by Deutsches Studentenwerk (German Student Union), 2nd place<\/li>\n<\/ul>\n<\/p>\n    <\/div>\n<\/div>\n<div id=\"Publikationen\" class=\"accordion accordion--icon accordion--icon--left accordion--default\">\n    <div class=\"accordion__header\">\n        <a href=\"#Publikationen\">\n\t\t\t<h3 >\n\t\t\t\t<span class=\"icon accordion__icon\"><\/span>\n\t\t\t\t2017\t\t\t<\/h3>\n\t\t<\/a>\n    <\/div>\n    <div class=\"accordion__content\">\n        <p>\n<ul>\n<li>Flora Ines Coletta Karger: \u00bbProgramme begreifen \u2013 eine performative Umsetzung\u00ab, K\u00f6lner Design Preis 2017\u00a0 (Cologne Design Price, subsequently referred to as K\u00f6lner Design Preis), 1st place<\/li>\n<li>Dorothee Clasen, Sascha Praet: \u00bbInFoam Printing\u00ab, Interzum Award 2017, Best of the Best<\/li>\n<\/ul>\n<\/p>\n    <\/div>\n<\/div>\n<div id=\"Publikationen\" class=\"accordion accordion--icon accordion--icon--left accordion--default\">\n    <div class=\"accordion__header\">\n        <a href=\"#Publikationen\">\n\t\t\t<h3 >\n\t\t\t\t<span class=\"icon accordion__icon\"><\/span>\n\t\t\t\t2016\t\t\t<\/h3>\n\t\t<\/a>\n    <\/div>\n    <div class=\"accordion__content\">\n        <p>\n<ul>\n<li>Maximilian Pietro Hoffmann: \u00bbMeans of Digital Images\u00ab, K\u00f6lner Design Preis 2016, 1st place<\/li>\n<li>Ilja Burzev and Evgenii Krivoruchko: \u00bbA Study in Interactive Mechanics for Virtual Reality\u00ab, K\u00f6lner Design Preis 2016, 3rd place<\/li>\n<li>Marcel Oelschl\u00e4ger: \u00bbethi.cal\u00ab, K\u00f6lner Design Preis 2016, Jury\u2019s Recognition<\/li>\n<li>Dorothee Clasen \u00bbCirquids: Eine Analyse des neuartigen Druckverfahrens Cirquids \/ Druck von Elektronik auf flexiblen Oberfl\u00e4chen\u00ab, K\u00f6lner Design Preis 2016, Jury\u2019s Recognition<\/li>\n<li>Dorothee Clasen, Oliver K\u00f6neke, Sascha Praet, Moritz Wallasch: \u00bbsonogrid\u00ab, purmundus challenge 2016, Jury\u2019s Recognition<\/li>\n<li>Noelle Gangloff: \u00bbNimm mich zuerst\u00ab, Incentive Award Sustainability 2016 of German Federal Ministry of Food and Agriculture<\/li>\n<li>Christian K\u00fcller and Christian Zander: \u00bbLibelle \u2013 Moving Lights\u00ab, Young Design Plus Award 2016, 1st place<\/li>\n<li>KISD student team, supervised by Prof. Hatto Grosse, <a href=\"http:\/\/akkuschrauberrennen.de\/\">Electric Screwdrivers\u2019 Race of HAWK Hildesheim<\/a>, 2016, 3rd place (Category: Speed)<\/li>\n<\/ul>\n<\/p>\n    <\/div>\n<\/div>\n<div id=\"Publikationen\" class=\"accordion accordion--icon accordion--icon--left accordion--default\">\n    <div class=\"accordion__header\">\n        <a href=\"#Publikationen\">\n\t\t\t<h3 >\n\t\t\t\t<span class=\"icon accordion__icon\"><\/span>\n\t\t\t\t2015\t\t\t<\/h3>\n\t\t<\/a>\n    <\/div>\n    <div class=\"accordion__content\">\n        <p>\n<ul>\n<li>Anne Poggenpohl: \u00bbC\u2019\u00e9tait bien bon\u00ab, Competition \u00bbEmball\u00e9 3.0\u00ab; Conseil National d\u2019Emballage\/Paris; \u00bbCoup de Coeur\u00ab-Award<\/li>\n<li>Agustina Andreoletti: \u00bbSynthetic Ecology \u2013 Ultima Materia\u00ab, Lucky Strike Junior Award 2015<\/li>\n<li>Simone Fahrenhorst: \u00bbProMemo\u00ab, K\u00f6lner Design Preis 2015, 2nd place, and Lucky Strike Junior Award 2015, Jury\u2019s Recognition<\/li>\n<li>Anne Poggenpohl: \u00bbStandfest\u00ab, Lucky Strike Junior Award 2015, Jury\u2019s Recognition<\/li>\n<li>Dustin Schulz: \u00bbCrime Cologne Award\u00ab, Detective Fiction Festival Crime Cologne, Overall Design of the Award<\/li>\n<li>Anna Shapiro: \u00bbI\u2019m grand\u00ab, K\u00f6lner Design Preis 2015 , Jury\u2019s Recognition<\/li>\n<li>Onat Hekimoglu: \u00bbTrau dich, wenn du es drauf hast\u00ab, \u00bbkurzundsch\u00f6n \u2013 bewegte Bilder\u00ab 2015; WDR Special Category<\/li>\n<li>Peter Bahner for the project \u201cLightbridge\u201c , Osram Light Award, 2nd place<\/li>\n<li>David Hartgenbusch for his work \u201cPeek\u201c, Osram Light Award, 2nd place<\/li>\n<li>Maximilian Philipp Maria Br\u00fcck for his work \u201cTwinkle Light\u201c, Osram Light Award, 3rd place<\/li>\n<\/ul>\n<\/p>\n    <\/div>\n<\/div>\n<div id=\"Publikationen\" class=\"accordion accordion--icon accordion--icon--left accordion--default\">\n    <div class=\"accordion__header\">\n        <a href=\"#Publikationen\">\n\t\t\t<h3 >\n\t\t\t\t<span class=\"icon accordion__icon\"><\/span>\n\t\t\t\t2014\t\t\t<\/h3>\n\t\t<\/a>\n    <\/div>\n    <div class=\"accordion__content\">\n        <p>\n<ul>\n<li>Yusuke Goto: \u00bbDouble Helix Cable\u00ab, Euromold 2014; purmundus challenge; Category: \u00bbInnovative Concept\u00ab, 2nd place<\/li>\n<li>Onat Hekimoglu: Imageclip for \u00bbGlobal Sounds Radio\u00ab \/ Funkhaus Europa, \u00bbkurzundsch\u00f6n \u2013 bewegte Bilder\u00ab 2014; WDR Special Category<\/li>\n<li>Lukas H\u00f6h, Daniel Dormann, Till Beutling: K\u00fcnstlerkollektiv \u00bbKlangfiguren\u00ab, Kultur- und Kreativpiloten Germany 2014<\/li>\n<li>Philipp Mies: \u00bbMove!\u00ab, K\u00f6lner Design Preis 2014, 2nd place<\/li>\n<li>Marina Scheinberg: \u00bbOrthostruct\u00ab, Design Award of Federal Republic of Germany, Young Designers Category,\u00a0 1st place<\/li>\n<li>Hannes Hummel, Ilja Burzev, Onat Hekimoglu, Volker Zerbe, Philipp Carbotta, Nathalie Martin: \u00bbOutcast\u00ab, Games for Change Europe Award 2014, 1st place, and Social Media Award Aachen, 2nd place<\/li>\n<li>Valentine Mayuran Emmanuel: \u00bb1daywaste\u00ab, Core 77 Design Award; Category: Visual Communication<\/li>\n<li>Lena Wunderlich: \u00bbSchmuckserien\u00ab, Presidential Scholarship of Rhode Island School of Design<\/li>\n<li>Carla Zimmermann, \u00bbLicht formt Raum \u2013 Experimente mit Lichtgestalten und deren Wirkung im Raum\u00ab, K\u00f6lner Design Preis 2014, Jury\u2019s Recognition<\/li>\n<li>Inge Pae\u00dfens, \u00bbUnsch\u00e4rfe \u2013 Ein Ph\u00e4nomen als Mittel zur Gestaltung\u00ab, K\u00f6lner Design Preis 2014, Jury\u2019s Recognition<\/li>\n<li>Julia Severiens, \u00bbBerlins Favela \u2013 Cuvrybrache in Kreuzberg\u00ab, K\u00f6lner Design Preis 2014, Jury\u2019s Recognition<\/li>\n<\/ul>\n<\/p>\n    <\/div>\n<\/div>\n<div id=\"Publikationen\" class=\"accordion accordion--icon accordion--icon--left accordion--default\">\n    <div class=\"accordion__header\">\n        <a href=\"#Publikationen\">\n\t\t\t<h3 >\n\t\t\t\t<span class=\"icon accordion__icon\"><\/span>\n\t\t\t\t2013\t\t\t<\/h3>\n\t\t<\/a>\n    <\/div>\n    <div class=\"accordion__content\">\n        <p>\n<ul>\n<li>Alexa Wernery, Annika Kunter, Ines Glowania: \u00bbHeimat\u00ab, Pro Campus-Press Award 2013<\/li>\n<li>John McTaggart: \u00bbAnalog Layer\u00ab, Lucky Strike Junior Designer Award 2013<\/li>\n<li>Astrid M\u00f6ller: \u00bbMenschen hautnah\u00ab, \u00bbkurzundsch\u00f6n \u2013 bewegte Bilder\u00ab 2013; WDR Special Category<\/li>\n<li>Marina Scheinberg: \u00bbOrthostruct\u00ab, K\u00f6lner Design Preis 2013, 3rd place<\/li>\n<li>Max Kuwertz, Yanik Balzer, Lasse Conrad, Tomaz Aquino: \u00bbWe don\u2019t work, we play\u00ab, Type Directors Club (TDC) 2013<\/li>\n<li>KISD student team, supervised by Prof. Hatto Grosse, <a href=\"http:\/\/akkuschrauberrennen.de\/\">Electric Screwdrivers\u2019 Race of HAWK Hildesheim<\/a>, 2013, 3rd place (Category: Speed)<\/li>\n<\/ul>\n<\/p>\n    <\/div>\n<\/div>\n<div id=\"Publikationen\" class=\"accordion accordion--icon accordion--icon--left accordion--default\">\n    <div class=\"accordion__header\">\n        <a href=\"#Publikationen\">\n\t\t\t<h3 >\n\t\t\t\t<span class=\"icon accordion__icon\"><\/span>\n\t\t\t\t2012\t\t\t<\/h3>\n\t\t<\/a>\n    <\/div>\n    <div class=\"accordion__content\">\n        <p>\n<ul>\n<li>KISD student team , supervised by Prof. Wolfgang Laubersheimer, \u00bbInternational Jury Award\u00ab of the Competition \u00bbReload my pharmacy\u00ab von L\u2018Or\u00e9al Cosmetique Active<\/li>\n<li>KISD student team, supervised by Prof. Jenz Gro\u00dfhans, Fraunhofer\/Langmatz GmbH Gestaltungswettbewerb \u00bbL\u00f6sungen f\u00fcr zukunftsf\u00e4hige Ladestationen\u00ab, Category: \u00bbFuture Concepts\u00ab, 1st place<\/li>\n<li>Thorsten Frackenpohl, Andr\u00e9 Poulheim: \u00bbThe Cave\u00ab, Design Award of Federal Republic of Germany 2012, IF Design Award 2012<\/li>\n<\/ul>\n<\/p>\n    <\/div>\n<\/div>\n<div id=\"Publikationen\" class=\"accordion accordion--icon accordion--icon--left accordion--default\">\n    <div class=\"accordion__header\">\n        <a href=\"#Publikationen\">\n\t\t\t<h3 >\n\t\t\t\t<span class=\"icon accordion__icon\"><\/span>\n\t\t\t\t2011\t\t\t<\/h3>\n\t\t<\/a>\n    <\/div>\n    <div class=\"accordion__content\">\n        <p>\n<ul>\n<li>Jennifer Schubert, K\u00f6lner Design Preis 2011, 1st place<\/li>\n<li>Philipp Rose, K\u00f6lner Design Preis 2011, 2nd place<\/li>\n<li>KISD student team, supervised by Prof. Hatto Grosse, <a href=\"http:\/\/akkuschrauberrennen.de\/\">Electric Screwdrivers\u2019 Race of HAWK Hildesheim<\/a>, 2011, 3rd place (Category: Weight)<\/li>\n<\/ul>\n<\/p>\n    <\/div>\n<\/div>\n<div id=\"Publikationen\" class=\"accordion accordion--icon accordion--icon--left accordion--default\">\n    <div class=\"accordion__header\">\n        <a href=\"#Publikationen\">\n\t\t\t<h3 >\n\t\t\t\t<span class=\"icon accordion__icon\"><\/span>\n\t\t\t\t2010\t\t\t<\/h3>\n\t\t<\/a>\n    <\/div>\n    <div class=\"accordion__content\">\n        <p>\n<ul>\n<li>Marc Pfaff, K\u00f6lner Design Preis 2010, 1st place<\/li>\n<li>Doreen Toutikian, K\u00f6lner Design Preis 2011, 2nd place<\/li>\n<li>Till Beutling, K\u00f6lner Design Preis 20111, 3rd place<\/li>\n<li>Thorsten Frackenpohl, Andr\u00e9 Poulheim: \u00bbVodafone 540 Phil\u00a0\/\u00a0Mobile phone\u00ab, IF Design Award 2010<\/li>\n<\/ul>\n<\/p>\n    <\/div>\n<\/div>\n","protected":false},"excerpt":{"rendered":"<p>Over the past years, KISD students and KISD alumni have received a high amount of design awards \u2013 illustrating the high quality of KISD and\u2026<\/p>\n","protected":false},"author":1,"featured_media":101866,"parent":5244,"menu_order":1,"comment_status":"closed","ping_status":"closed","template":"","meta":{"footnotes":""},"categories":[373700,373759],"class_list":["post-84852","page","type-page","status-publish","has-post-thumbnail","hentry","category-alumni-en","category-kisd-en"],"_links":{"self":[{"href":"https:\/\/kisd.de\/en\/wp-json\/wp\/v2\/pages\/84852","targetHints":{"allow":["GET"]}}],"collection":[{"href":"https:\/\/kisd.de\/en\/wp-json\/wp\/v2\/pages"}],"about":[{"href":"https:\/\/kisd.de\/en\/wp-json\/wp\/v2\/types\/page"}],"author":[{"embeddable":true,"href":"https:\/\/kisd.de\/en\/wp-json\/wp\/v2\/users\/1"}],"replies":[{"embeddable":true,"href":"https:\/\/kisd.de\/en\/wp-json\/wp\/v2\/comments?post=84852"}],"version-history":[{"count":16,"href":"https:\/\/kisd.de\/en\/wp-json\/wp\/v2\/pages\/84852\/revisions"}],"predecessor-version":[{"id":99467,"href":"https:\/\/kisd.de\/en\/wp-json\/wp\/v2\/pages\/84852\/revisions\/99467"}],"up":[{"embeddable":true,"href":"https:\/\/kisd.de\/en\/wp-json\/wp\/v2\/pages\/5244"}],"wp:featuredmedia":[{"embeddable":true,"href":"https:\/\/kisd.de\/en\/wp-json\/wp\/v2\/media\/101866"}],"wp:attachment":[{"href":"https:\/\/kisd.de\/en\/wp-json\/wp\/v2\/media?parent=84852"}],"wp:term":[{"taxonomy":"category","embeddable":true,"href":"https:\/\/kisd.de\/en\/wp-json\/wp\/v2\/categories?post=84852"}],"curies":[{"name":"wp","href":"https:\/\/api.w.org\/{rel}","templated":true}]}}