{"id":92431,"date":"2021-12-14T10:53:46","date_gmt":"2021-12-14T09:53:46","guid":{"rendered":"https:\/\/kisd.de\/kontakt-forschung\/"},"modified":"2021-12-31T20:12:07","modified_gmt":"2021-12-31T19:12:07","slug":"contact-research","status":"publish","type":"page","link":"https:\/\/kisd.de\/en\/research\/contact-research\/","title":{"rendered":"Contact"},"content":{"rendered":"<p>Technische Hochschule K\u00f6ln<br \/>\nFaculty of Cultural Sciences<br \/>\nK\u00f6ln International School of Design<\/p>\n<p><a href=\"https:\/\/kisd.de\/en\/committees-and-organizational-structure\/#Members-Research-and-Knowledge-Transfer-accordion\">Committee for Research and Knowledge Transfer<\/a><br \/>\nCoordination: Prof. Dr. Carolin H\u00f6fler<br \/>\nContact: David Sieverding,\u00a0david.s [at] kisd.de<\/p>\n<p>Ubierring 40<br \/>\nD-50678 Cologne<\/p>\n","protected":false},"excerpt":{"rendered":"<p>Technische Hochschule K\u00f6ln Faculty of Cultural Sciences K\u00f6ln International School of Design Committee for Research and Knowledge Transfer Coordination: Prof. Dr. Carolin H\u00f6fler Contact: David\u2026<\/p>\n","protected":false},"author":1,"featured_media":92535,"parent":92427,"menu_order":15,"comment_status":"closed","ping_status":"closed","template":"level-3.php","meta":{"footnotes":""},"categories":[373526],"class_list":["post-92431","page","type-page","status-publish","has-post-thumbnail","hentry","category-research"],"_links":{"self":[{"href":"https:\/\/kisd.de\/en\/wp-json\/wp\/v2\/pages\/92431","targetHints":{"allow":["GET"]}}],"collection":[{"href":"https:\/\/kisd.de\/en\/wp-json\/wp\/v2\/pages"}],"about":[{"href":"https:\/\/kisd.de\/en\/wp-json\/wp\/v2\/types\/page"}],"author":[{"embeddable":true,"href":"https:\/\/kisd.de\/en\/wp-json\/wp\/v2\/users\/1"}],"replies":[{"embeddable":true,"href":"https:\/\/kisd.de\/en\/wp-json\/wp\/v2\/comments?post=92431"}],"version-history":[{"count":3,"href":"https:\/\/kisd.de\/en\/wp-json\/wp\/v2\/pages\/92431\/revisions"}],"predecessor-version":[{"id":92722,"href":"https:\/\/kisd.de\/en\/wp-json\/wp\/v2\/pages\/92431\/revisions\/92722"}],"up":[{"embeddable":true,"href":"https:\/\/kisd.de\/en\/wp-json\/wp\/v2\/pages\/92427"}],"wp:featuredmedia":[{"embeddable":true,"href":"https:\/\/kisd.de\/en\/wp-json\/wp\/v2\/media\/92535"}],"wp:attachment":[{"href":"https:\/\/kisd.de\/en\/wp-json\/wp\/v2\/media?parent=92431"}],"wp:term":[{"taxonomy":"category","embeddable":true,"href":"https:\/\/kisd.de\/en\/wp-json\/wp\/v2\/categories?post=92431"}],"curies":[{"name":"wp","href":"https:\/\/api.w.org\/{rel}","templated":true}]}}