{"id":96175,"date":"2022-09-20T22:59:23","date_gmt":"2022-09-20T20:59:23","guid":{"rendered":"https:\/\/kisd.de\/?page_id=96175"},"modified":"2024-10-07T19:56:58","modified_gmt":"2024-10-07T17:56:58","slug":"lecture-series","status":"publish","type":"page","link":"https:\/\/kisd.de\/en\/research\/lecture-series\/","title":{"rendered":"Lecture Series"},"content":{"rendered":"<h2><\/h2>\n<h2>The lecture series of the Faculty of Cultural Studies in the winter semester 2024 | 25\u00a0examines from an interdisciplinary perspective how participatory methods can be utilised in research projects. We are interested in mobilising the knowledge produced by non-academic actors in partnership to gain new research findings. The lecture series will explore how participatory processes can be realised for the design of research projects for the determination of topics, the framing of questions and the evaluation of materials. Collaborations with the whole range of possible participatory partners, from activists to municipal administrations, will be analysed.<\/h2>\n<p>Time: Mondays, 6.00 p.m., from 14.10.2024 &#8211; 18.11. 2024<br class=\"\" \/>Venue: TH K\u00f6ln,\u00a0KISD \/ CICS,\u00a0Ubierring 40, 50678 K\u00f6ln, room 11 &amp; room 137 (Lecture Hall)<\/p>\n<p>The lecture series is open to the public and free of charge.<\/p>\n<p><span style=\"font-size: 16px;\">The meetings in the Lecture Hall (room 137) are non-digital meetings. The hybrid events will only take place in room 11.<\/span><\/p>\n<p><span style=\"font-size: 16px;\">If you are unable to attend on site, we are happy if you join us via\u00a0 Zoom:<br \/>\n<\/span><span style=\"font-size: 16px;\">https:\/\/tinyurl.com\/28sz4tkj<br \/>\n<\/span><span style=\"font-size: 16px;\">code: 386306<\/span><\/p>\n<div class=\"page\" title=\"Page 1\">\n<div class=\"layoutArea\">\n<div class=\"column\">\n<p><strong>14.10.2024, 18.00-19.30 Uhr, Raum 11<\/strong><\/p>\n<p><strong>Willkommenswort und Einfu\u0308hrung<\/strong><br \/>\nProf. Dr. Regina Urbanek &amp;\u00a0Dr. Alexander van Wickeren<br \/>\nFakulta\u0308t fu\u0308r Kulturwissenschaften, TH Ko\u0308ln<\/p>\n<p><strong>Partizipative Technikentwicklung:\u00a0Potenziale und Fallstricke<\/strong><br \/>\nDr. Sandra Buchmu\u0308ller<br \/>\nInstitut fu\u0308r Energietechnik, TU Dresden<\/p>\n<p><strong>Partizipation ist ein Tu-Wort \u2013\u00a0Beispiele einer nutzerorientierten\u00a0Planung<\/strong><br \/>\nSarah Jarosch, MA und Jan-Philip Neuer, MA<br \/>\nFakulta\u0308t fu\u0308r Architektur, TH Ko\u0308ln<\/p>\n<p><strong>21.10.2024, 18.00-19.30 Uhr, Raum 11<\/strong><\/p>\n<p><strong>Mapping \/\/\/ Imagine \/\/\/\u00a0Connecting \/\/\/ the City<\/strong><br \/>\nProf. Yasemin Utku<br \/>\nFakulta\u0308t fu\u0308r Architektur, TH Ko\u0308ln<\/p>\n<p><strong>Partizipation in der musealen Arbeit \u2013 Ein Blick in die Praxis <\/strong><br \/>\nDr. Philipp Bojahr<br \/>\nCologne Game Lab, TH Ko\u0308ln<\/p>\n<\/div>\n<div class=\"column\">\n<p><strong>28.10.2024, 18.00-19.30 Uhr, Raum 137 (Lecture Hall)<\/strong><\/p>\n<p><strong>Modeling fragile characters in\u00a0a complex consortium <\/strong><br \/>\nProf. Dr. Emmanuel Guardiola<br \/>\nCologne Game Lab, TH Ko\u0308ln<\/p>\n<p><strong>04.11.2024, 18.00-19.30 Uhr, Raum 137 (Lecture Hall)<\/strong><br \/>\n<strong><br \/>\nKoloniale Spuren in Augmented\u00a0Reality \u2013 Fallbeispiel fu\u0308r ein partizipatives Designforschungsprojekt<\/strong><br \/>\nDario Morazan, MA,\u00a0Ko\u0308ln International School of Design, TH Ko\u0308ln &amp;\u00a0Dr. des. Jens Fehrenbacher,\u00a0Universita\u0308t Bonn<\/p>\n<p><strong>Dis\/ability Design and Participation<\/strong><br \/>\nNils Rottgard, MA (Un-Label),\u00a0Prof. Dr. Laura Popplow &amp; Prof. Dr. Lasse Scherffig Ko\u0308ln International School of Design, TH Ko\u0308ln<\/p>\n<\/div>\n<div class=\"column\">\n<p><strong>18.11.2024, 18.00-19.30 Uhr, Raum 11<\/strong><\/p>\n<p><strong style=\"font-size: 16px;\">Paradoxon partizipative\u00a0Promotion<\/strong><strong><br \/>\n<\/strong>Dr. Andrea Dauber<br \/>\na.r.t.e.s. Graduate School for the Humanities, Universita\u0308t zu Ko\u0308ln<\/p>\n<p><strong>Sustainable Game Development: A Collaborative Ethnography with European Game Studios<\/strong><br \/>\nDr. Ruth Dorothea Eggel,\u00a0Cologne Game Lab, TH Ko\u0308ln<\/p>\n<p><strong><span style=\"color: #000000;\">Organisation<\/span><\/strong><\/p>\n<p><span style=\"color: #000000;\">Dr. Alexander van Wickeren<\/span><br \/>\n<span style=\"color: #000000;\">Fakult\u00e4t f\u00fcr Kulturwissenschaften, TH K\u00f6ln<\/span><\/p>\n<p><a href=\"https:\/\/kisd.de\/wp-content\/uploads\/2023\/09\/1EF7AEFE-AE81-4F7B-BFCB-20E899DD6BB7.pdf\">Program Lecture Series as PDF<\/a><\/p>\n<\/div>\n<\/div>\n<\/div>\n<p>&#8230;&#8230;&#8230;&#8230;&#8230;&#8230;&#8230;&#8230;&#8230;&#8230;&#8230;&#8230;&#8230;&#8230;&#8230;&#8230;&#8230;&#8230;&#8230;&#8230;&#8230;&#8230;&#8230;&#8230;&#8230;&#8230;&#8230;&#8230;&#8230;&#8230;&#8230;&#8230;&#8230;&#8230;&#8230;&#8230;&#8230;&#8230;&#8230;&#8230;.<\/p>\n<h2>The lecture series of the Faculty of Cultural Studies in the winter semester 2023 | 24 examines the perspectives of\u00a0research-based learning\u00a0in cultural studies, in particular using the example of student research projects that have been developed at the Faculty in cooperation with university research institutions as well as social and cultural institutions. Dr. Birgit Szczyrba from the Center for Teaching Development at the TH K\u00f6ln will bridge the gap between research and learning in her keynote lecture.<\/h2>\n<p>Time: Mondays, 6.00 p.m., from 9.10. to 30.10.2023.<br \/>\nVenue:\u00a0Room 11,\u00a0TH K\u00f6ln, KISD \/ CICS,\u00a0Ubierring 40, 50678 K\u00f6ln<\/p>\n<p>The lecture series is open to the public and free of charge. After each evening, there will be an opportunity to network and discuss over drinks and snacks.<\/p>\n<p>If you are unable to attend on site, we are happy if you join us via\u00a0 Zoom:<br \/>\nhttps:\/\/tinyurl.com\/4nx6sbxy<br \/>\ncode: 269791<\/p>\n<h3>09.10.2023,\u00a0<span style=\"color: #000000;\">18.00 Uhr<\/span><\/h3>\n<p><strong>Zwischen Neugier und Erkenntnis:\u00a0Lehrforschung als Bru\u0308cke zwischen\u00a0hochschulischen F\u00e4chern und\u00a0gesellschaftlicher Relevanz<\/strong><br \/>\nDr. Birgit Szczyrba,\u00a0Team Hochschuldidaktik,\u00a0Zentrum fu\u0308r Lehrentwicklung, TH K\u00f6ln<\/p>\n<h3>16.10.2023,\u00a0<span style=\"color: #000000;\">18.00 Uhr<\/span><\/h3>\n<p><strong>Robotic Operations \u2013\u00a0Mensch und Maschine im\u00a0chirurgischen Verbund<br \/>\n<\/strong>Juliane Ahn, MA, KISD, TH K\u00f6ln<\/p>\n<p><strong>Artificial Intelligence in Design Teaching,\u00a0Learning and Research<br \/>\n<\/strong>Jakob Kilian, MA, Prof. Dr. Lasse Scherffig, Laura Wagner, MA, KISD, TH K\u00f6ln<\/p>\n<h3>23.10.2023,\u00a0<span style=\"color: #000000;\">18.00 Uhr<\/span><\/h3>\n<p><strong>Die Ausstellung \u201ere\u2013aktion\u201c als Beitrag zur\u00a0forschend-gestalterischen Erinnerungskultur<\/strong><br \/>\nDavid J. R. Sieverding, BA, Luisa Hoffmeister, BA, Martin L. Sistig, BA, Yvonne Lober, BA, KISD, TH K\u00f6ln<\/p>\n<h3>30.10.2023,\u00a0<span style=\"color: #000000;\">18.00 Uhr<\/span><\/h3>\n<p><strong>Reproductions of our collective unconscious<\/strong><br \/>\nMoritz von Laufenberg, BA, und Jule Marie Schacht, BA, KISD, TH K\u00f6ln<\/p>\n<h3><span style=\"color: #000000;\">Organisation<\/span><\/h3>\n<p><span style=\"color: #000000;\">Dr. Alexander van Wickeren<\/span><br \/>\n<span style=\"color: #000000;\">Fakult\u00e4t f\u00fcr Kulturwissenschaften, TH K\u00f6ln<\/span><\/p>\n<p class=\"box-controls__headline\"><a href=\"https:\/\/kisd.de\/wp-content\/uploads\/2023\/09\/1EF7AEFE-AE81-4F7B-BFCB-20E899DD6BB7.pdf\">Program Lecture Series as PDF<\/a><\/p>\n<p>&#8230;&#8230;&#8230;&#8230;&#8230;&#8230;&#8230;&#8230;&#8230;&#8230;&#8230;&#8230;&#8230;&#8230;&#8230;&#8230;&#8230;&#8230;&#8230;&#8230;&#8230;&#8230;&#8230;&#8230;&#8230;&#8230;&#8230;&#8230;&#8230;&#8230;&#8230;&#8230;&#8230;&#8230;&#8230;&#8230;&#8230;&#8230;&#8230;&#8230;.<\/p>\n<h2>The lecture series of the faculty of cultural studies will explore in the winter term 2022 | 23 research perspectives in the cultural studies, with particular reference to the doctorates being developed at the\u00a0faculty.<\/h2>\n<p>The aim of the event is to work out\u00a0peculiarities and broader points of contact of doctoral studies at the TH K\u00f6ln with regard\u00a0to aspects such as\u00a0interdisciplinarity,\u00a0internationality, funding and research concepts. To\u00a0this end, doctoral students and professors as\u00a0well as external researchers will present their projects and examine them in light of the above-mentioned aspects. The lecture series\u00a0is\u00a0a project of the institutes Cologne Game Lab,\u00a0Institute of Conservation Sciences\u00a0and\u00a0K\u00f6ln International School of Design\u00a0and is\u00a0planned as a prelude to the introduction of further\u00a0joint research formats.<\/p>\n<p>Time: Mondays, 6.00 p.m., from 17.10. to 05.12.2022<br \/>\nVenue:\u00a0Room 11,\u00a0TH K\u00f6ln, KISD \/ CICS,\u00a0Ubierring 40, 50678 K\u00f6ln<\/p>\n<p>The lecture series is open to the public and free of charge. After each evening, there will be an opportunity to network and discuss over drinks and snacks.<\/p>\n<div>\n<p>If you are unable to attend on site, we are happy if you join us via\u00a0 <a href=\"https:\/\/th-koeln.zoom.us\/j\/83539822177?pwd=T3RXOThub1VCWmJLR2ZhU3kxWFdkQT09\">Zoom<\/a>.<\/p>\n<h3><span style=\"color: #000000;\">17.10.2022, 18.00 Uhr<\/span><\/h3>\n<p><span style=\"color: #000000;\"><a href=\"https:\/\/vimeo.com\/771524830\"><strong>Einleitung<\/strong><\/a><br \/>\nProf. Dr. Regina Urbanek, Dekanin<\/span><br \/>\n<span style=\"color: #000000;\">Cologne Institute of Conservation Sciences &amp; Fakult\u00e4t f\u00fcr Kulturwissenschaften, TH K\u00f6ln<\/span><\/p>\n<p><strong><a href=\"https:\/\/vimeo.com\/771531227\">Promovieren, nicht restaurieren?<\/a><\/strong><br \/>\n<span style=\"color: #000000;\">Prof. Dr. Tilly Laaser<\/span><br \/>\n<span style=\"color: #000000;\">Cologne Institute of Conservation Sciences, TH K\u00f6ln<\/span><\/p>\n<h3><span style=\"color: #000000;\">24.10.2022, 18.00 Uhr<\/span><\/h3>\n<p><strong>Promovieren an der TH K\u00f6ln nach dem neuen Recht des Promotionskolleg NRW<\/strong><br \/>\n<span style=\"color: #000000;\">Prof. Dr. Gunnar Heydenreich<\/span><br \/>\n<span style=\"color: #000000;\">Cologne Institute of Conservation Sciences, TH K\u00f6ln<\/span><\/p>\n<p><span style=\"color: #000000;\"><a href=\"https:\/\/vimeo.com\/781194743\"><strong>Spiel\/en:<\/strong>\u00a0<strong>Audiovisualit\u00e4t in der Neuzeit<\/strong><\/a><br \/>\nProf. Dr. Gundolf S. Freyermuth<br \/>\n<\/span><span style=\"color: #000000;\">Cologne Game Lab, TH K\u00f6ln<\/span><\/p>\n<h3><span style=\"color: #000000;\">31.10.2022, 18.00 Uhr<\/span><\/h3>\n<p><span style=\"color: #000000;\"><strong>Fluid borders, shifting territories and circulating bodies<\/strong><\/span><br \/>\n<span style=\"color: #000000;\">Simon Meienberg MA<\/span><br \/>\n<span style=\"color: #000000;\">K\u00f6ln International School of Design, TH K\u00f6ln<\/span><br \/>\n<span style=\"color: #000000;\">Graduiertenkolleg\u201eanschlie\u00dfen \u2013 ausschlie\u00dfen\u201c der Universit\u00e4t zu K\u00f6ln, KISD\/TH K\u00f6ln &amp; KHM K\u00f6ln<\/span><\/p>\n<p><span style=\"color: #000000;\"><strong>Didaktik in der Restaurierung \u2013 Lehren und Lernen in Schwellenl\u00e4ndern<\/strong><\/span><br \/>\n<span style=\"color: #000000;\">Marlen B\u00f6rngen MA<\/span><br \/>\n<span style=\"color: #000000;\">Cologne Institute of Conservation Sciences, TH K\u00f6ln<br \/>\nCentre for the Study of Manuscript Cultures (CSMC) an der Universit\u00e4t Hamburg<\/span><\/p>\n<p><a href=\"https:\/\/vimeo.com\/showcase\/10055114\/video\/781193469\"><strong>K\u00f6lner Maler des 14. Jahrhunderts. Spezialisten oder Allesk\u00f6nner?<\/strong><\/a><br \/>\nTheresa Neuhoff MA<br \/>\n<span style=\"color: #000000;\">Cologne Institute of Conservation Sciences, TH K\u00f6ln <\/span><\/p>\n<h3><span style=\"color: #000000;\">07.11.2022, 18.00 Uhr<\/span><\/h3>\n<p><span style=\"color: #000000;\"><strong>\u00dcbersetzungsprozesse \u2013 Rezeptionspraktiken des Digitalen als Diapositiv der Kunstvermittlung<\/strong><\/span><br \/>\n<span style=\"color: #000000;\">Julian Hoffmann MA<\/span><br \/>\n<span style=\"color: #000000;\">K\u00f6ln International School of Design, TH K\u00f6ln Graduiertenkolleg\u201eanschlie\u00dfen \u2013 ausschlie\u00dfen\u201c der Universit\u00e4t zu K\u00f6ln, KISD\/TH K\u00f6ln &amp; KHM K\u00f6ln<\/span><\/p>\n<p><strong><a href=\"https:\/\/vimeo.com\/showcase\/10055114\/video\/793919179\">Promovieren im Netzwerk eines Graduiertenkollegs<\/a><\/strong><br \/>\n<span style=\"color: #000000;\">Charlotte Hoffmann MA<\/span><br \/>\n<span style=\"color: #000000;\">Graduiertenkolleg\u201eRahmenwechsel\u201c der Universit\u00e4t Konstanz &amp; ABK Stuttgart<\/span><\/p>\n<h3><span style=\"color: #000000;\">14.11.2022, 18.00 Uhr<\/span><\/h3>\n<p><strong><a href=\"https:\/\/vimeo.com\/showcase\/10055114\/video\/794228820\">Augmenting the human learning model within the immersive multimodal environment to facilitate the psychomotor skills acquisition process<\/a><\/strong><br \/>\n<span style=\"color: #000000;\">Khaleel Asyraaf Mat Sanusi MA<\/span><br \/>\n<span style=\"color: #000000;\">Cologne Game Lab, TH K\u00f6ln<\/span><\/p>\n<p><strong><a href=\"https:\/\/vimeo.com\/showcase\/10055114\/video\/794031432\">Neuland betreten \u2013 aber nicht allein. Zwei Dissertationen \u00fcber museale Kunststoffsammlungen<\/a><\/strong><br \/>\n<span style=\"color: #000000;\">Anne Biber MA, Helena Ernst MA<\/span><br \/>\n<span style=\"color: #000000;\">Cologne Institute of Conservation Sciences, TH K\u00f6ln Hochschule f\u00fcr Bildende K\u00fcnste Dresden<\/span><\/p>\n<h3><span style=\"color: #000000;\">21.11.2022, 18.00 Uhr<\/span><\/h3>\n<p><span style=\"color: #000000;\"><strong>Blending Realities<\/strong><\/span><br \/>\n<span style=\"color: #000000;\">Katharina Tillmanns MA<\/span><br \/>\n<span style=\"color: #000000;\">Cologne Game Lab, TH K\u00f6ln<\/span><\/p>\n<p><span style=\"color: #000000;\"><strong>65% Stelle \u2013 100% Promotion?<\/strong><\/span><br \/>\n<span style=\"color: #000000;\">Nils Julian Mei\u00df MA<\/span><br \/>\n<span style=\"color: #000000;\">K\u00f6ln International School of Design, TH K\u00f6ln Graduiertenkolleg\u201eanschlie\u00dfen \u2013 ausschlie\u00dfen\u201c der Universit\u00e4t zu K\u00f6ln, KISD\/TH K\u00f6ln &amp; KHM K\u00f6ln<\/span><\/p>\n<h3><span style=\"color: #000000;\">28.11. 2022, 18.00 Uhr<\/span><\/h3>\n<p><strong><a href=\"https:\/\/vimeo.com\/showcase\/10055114\/video\/794033369\">Pandemic PhD \u2013 Personal Thoughts on Research and Resilience in the Midst of Global Crisis<\/a><\/strong><br \/>\n<span style=\"color: #000000;\">Katja Aller MA<\/span><br \/>\n<span style=\"color: #000000;\">Cologne Game Lab, TH K\u00f6ln<\/span><br \/>\n<span style=\"color: #000000;\">Institut f\u00fcr Medienkultur und Theater, Universit\u00e4t zu K\u00f6ln<\/span><\/p>\n<p><span style=\"color: #000000;\"><a href=\"https:\/\/vimeo.com\/showcase\/10055114\/video\/794033942\"><strong>Ist die Leiter auch der Irrweg \u2013 ist der Irrweg auch die Leiter?<\/strong><\/a><br \/>\nAnne Karrenbrock MA<\/span><br \/>\n<span style=\"color: #000000;\">K\u00f6ln International School of Design, TH K\u00f6ln<\/span><\/p>\n<h3><span style=\"color: #000000;\">05.12.2022, 18.00 Uhr<\/span><\/h3>\n<p><strong><a href=\"https:\/\/vimeo.com\/showcase\/10055114\/video\/794041405\">Evidence and Misprints: Findings and Errors in Research and Design<\/a><\/strong><br \/>\n<span style=\"color: #000000;\">Dr. Meike Eckstein<\/span><br \/>\n<span style=\"color: #000000;\">Design, Z\u00fcrcher Hochschule der K\u00fcnste<\/span><\/p>\n<p><strong><a href=\"https:\/\/vimeo.com\/showcase\/10055114\/video\/794064811\">Respondenz: Unwiederholbare Experimente in Kunst und Wissenschaft<\/a><\/strong><br \/>\n<span style=\"color: #000000;\">Prof. Dr. Carolin H\u00f6fler, Prodekanin f\u00fcr Forschung &amp; Transfer<\/span><br \/>\n<span style=\"color: #000000;\">K\u00f6ln International School of Design &amp; Fakult\u00e4t f\u00fcr Kulturwissenschaften, TH K\u00f6ln<\/span><\/p>\n<h3><span style=\"color: #000000;\">Organisation<\/span><\/h3>\n<p><span style=\"color: #000000;\">Dr. Alexander van Wickeren<\/span><br \/>\n<span style=\"color: #000000;\">Fakult\u00e4t f\u00fcr Kulturwissenschaften, TH K\u00f6ln<\/span><\/p>\n<p><span style=\"color: #000000;\">Theresa Neuhoff MA<\/span><br \/>\n<span style=\"color: #000000;\">Cologne Institute of Conservation Sciences, TH K\u00f6ln<\/span><\/p>\n<p class=\"box-controls__headline\"><a href=\"https:\/\/kisd.de\/wp-content\/uploads\/2022\/09\/Programm-Ringvorlesungen-1.pdf\">Program Lecture Series as PDF<\/a><\/p>\n<\/div>\n","protected":false},"excerpt":{"rendered":"<p>The lecture series of the Faculty of Cultural Studies in the winter semester 2024 | 25\u00a0examines from an interdisciplinary perspective how participatory methods can be\u2026<\/p>\n","protected":false},"author":10,"featured_media":96183,"parent":92427,"menu_order":11,"comment_status":"closed","ping_status":"closed","template":"showSelectedCategory.php","meta":{"footnotes":""},"categories":[373526],"class_list":["post-96175","page","type-page","status-publish","has-post-thumbnail","hentry","category-research"],"_links":{"self":[{"href":"https:\/\/kisd.de\/en\/wp-json\/wp\/v2\/pages\/96175","targetHints":{"allow":["GET"]}}],"collection":[{"href":"https:\/\/kisd.de\/en\/wp-json\/wp\/v2\/pages"}],"about":[{"href":"https:\/\/kisd.de\/en\/wp-json\/wp\/v2\/types\/page"}],"author":[{"embeddable":true,"href":"https:\/\/kisd.de\/en\/wp-json\/wp\/v2\/users\/10"}],"replies":[{"embeddable":true,"href":"https:\/\/kisd.de\/en\/wp-json\/wp\/v2\/comments?post=96175"}],"version-history":[{"count":28,"href":"https:\/\/kisd.de\/en\/wp-json\/wp\/v2\/pages\/96175\/revisions"}],"predecessor-version":[{"id":101577,"href":"https:\/\/kisd.de\/en\/wp-json\/wp\/v2\/pages\/96175\/revisions\/101577"}],"up":[{"embeddable":true,"href":"https:\/\/kisd.de\/en\/wp-json\/wp\/v2\/pages\/92427"}],"wp:featuredmedia":[{"embeddable":true,"href":"https:\/\/kisd.de\/en\/wp-json\/wp\/v2\/media\/96183"}],"wp:attachment":[{"href":"https:\/\/kisd.de\/en\/wp-json\/wp\/v2\/media?parent=96175"}],"wp:term":[{"taxonomy":"category","embeddable":true,"href":"https:\/\/kisd.de\/en\/wp-json\/wp\/v2\/categories?post=96175"}],"curies":[{"name":"wp","href":"https:\/\/api.w.org\/{rel}","templated":true}]}}