{"id":97261,"date":"2023-04-12T19:22:09","date_gmt":"2023-04-12T17:22:09","guid":{"rendered":"https:\/\/kisd.de\/?page_id=97261"},"modified":"2024-05-30T16:36:35","modified_gmt":"2024-05-30T14:36:35","slug":"research-day-2023","status":"publish","type":"page","link":"https:\/\/kisd.de\/en\/research\/research-day-2023\/","title":{"rendered":"Research Day"},"content":{"rendered":"<h2>\u00bbMemory Practices \u2013 Societal Perspectives\u00ab<br \/>\nResearch Day of the\u00a0Faculty of Cultural Sciences <span style=\"color: #ff0000;\">2024<\/span><\/h2>\n<p class=\"docData;DOCY;v5;2440;BQiAAgAAEYQCAAAGiAIAAAMHCQAABRUJAAAAAAAAAAAAAAAAAAAAAAAAAAAAAAAAAAAAAAAAAAAAAAAAAAAAAAAAAAAAAAAAAAAAAAAAAAAAAAAAAAAAAAAAAAAAAAAAAAAAAAAAAAAAAAAAAAAAAAAAAAAAAAAAAAAAAAAAAAAAAAAAAAAAAAAAAAAAAAAAAAAAAAAAAAAAAAAAAAAAAAAAAAAAAAAAAAAAAAAAAAAAAAAAAAAAAAAAAAAAAAAAAAAAAAAAAAAAAAAAAAAAAAAAAAAAAAAAAAAAAAAAAAAAAAAAAAAAAAAAAAAAAAAAAAAAAAAAAAAAAAAAAAAAAAAAAAAAAAAAAAAAAAAAAAAAAAAAAAAAAAAAAAAAAAAAAAAAAAAAAAAAAAAAAAAAAAAAAAAAAAAAAAAAAAAAAAAAAAAAAAAAAAAAAAAAAAAAAAAAAAAAAAAAAAAAAAAAAAAAAAAAAAAAAAAAAAAAAAAAAAAAAAAAAAAAAAAAAAAAAAAAAAAAAAAAAAAAAAAAAAAAAAAAAAAAAAAAAAAAAAAAAAAAAAAAAAAAAAAAAAAAAAAAAAAAAAAAAAAAAAAAAAAAAAAAAAAAAAAAAAAAAAAAAAAAAAAAAAAAAAAAAAAAAAAAAAAAAAAAAAAAAAAAAAAAAAAAAAAAAAAAAAAAAAAAAAAAAAAAAAAAAAAAAAAAAAAAAAAAAAAAAAAAAAAAAAAAAAAAAAAAAAAAAAAAAAAAAAAAAAAAAAAAAAAAAAAAAAAAAAAAAAAAAAAAAAAAAAAAAAAAAAAAAAAAAAAAAAAAAAAAAAAAAAAAAAAAAAAAAAAAAAAAAAAAAAAAAAAAAAAAAAAAAAAAewYAAAB2BgAAASEAAAABBgAAAAAJBgAAAAAaBgkAAAAAAQAMAQAUAQAbBgAAAAACSwYAAAUTAAAAAQkAAAAAAQAMAQAUAQAIAAAAAAUaAAAAAQkAAAAAAQAMAQAUAQAIBwAAAAACAAAAVAAF\/AEAAAEJAAAAAAEADAEAFAEACOkBAAAA5AEAAGgAZQAgAHIAZQBzAGUAYQByAGMAaAAgAGQAYQB5ACAAZQB4AGEAbQBpAG4AZQBzACAAbQBlAG0AbwByAHkAIABwAHIAYQBjAHQAaQBjAGUAcwAgAHQAaABhAHQAIABjAG8AbgBzAHQAaQB0AHUAdABlACAAYwB1AGwAdAB1AHIAYQBsACAAbQBlAG0AbwByAHkAIAAoAEUAcgBpAG4AbgBlAHIAdQBuAGcAcwBrAHUAbAB0AHUAcgApACAAYgB5ACAAdABhAGsAaQBuAGcAIAB1AHAAIABzAG8AYwBpAGUAdABhAGwAIABwAGUAcgBzAHAAZQBjAHQAaQB2AGUAcwAgABMgIABuAG8AdABhAGIAbAB5ACAAaQBuACAAcgBlAGcAYQByAGQAIAB0AG8AIABlAHgAYQBtAHAAbABlAHMAIABzAHUAYwBoACAAYQBzACAAaABlAHIAaQB0AGEAZwBlACwAIAB2AGkAcgB0AHUAYQBsAGkAdAB5ACAAYQBuAGQAIABpAG4AdABlAHIAcwBlAGMAdABpAG8AbgBhAGwAaQB0AHkALgAgAEkAdAAgAGEAbgBhAGwAeQB6AGUAcwAgAHQAaABlACAAZABpAHYAZQByAHMAaQB0AHkAIABvAGYAIAAFGgAAAAEJAAAAAAEADAEAFAEACAcAAAAAAgAAAG0ABRACAAABCQAAAAABAAwBABQBAAj9AQAAAPgBAABlAG0AbwByAHkAIABwAHIAYQBjAHQAaQBjAGUAcwAgAGEAcwAgAGMAbwBlAHgAaQBzAHQAZQBuAGMAZQAgAG8AZgAgAGQAaQBmAGYAZQByAGUAbgB0ACAAcgBlAGYAZQByAGUAbgBjAGUAcwAgAHQAbwAgAHQAaABlACAAcABhAHMAdAAgAGkAbgAgAHQAaABlACAAcAByAGUAcwBlAG4AdAAgAGEAbgBkACAAaQBuAHYAZQBzAHQAaQBnAGEAdABlAHMAIAB0AGgAZQAgAHYAYQByAGkAbwB1AHMAIABmAHUAbgBjAHQAaQBvAG4AcwAgAGEAbgBkACAAcwB0AHIAYQB0AGUAZwBpAGUAcwAgAHQAaABhAHQAIABhAGMAdABvAHIAcwAgAHAAdQByAHMAdQBlACAAYgB5ACAAHCBkAG8AaQBuAGcAIABtAGUAbQBvAHIAeQAdIC4AIABJAHQAIAB0AGgAdQBzACAAYwBvAG4AdAByAGkAYgB1AHQAZQBzACAAdABvACAAdABoAGUAIABkAGUAdgBlAGwAbwBwAG0AZQBuAHQAIABvAGYAIABhACAAcwBjAGkAZQBuAHQAaQBmAGkAYwAgAGYAaQBlAGwAZAAgAG8AZgAgAG0AZQBtAG8AcgB5ACAAcwB0AHUAZABpAGUAcwAFkgEAAAEJAAAAAAEADAEAFAEACH8BAAAAegEAACAAdABoAGEAdAAgAGMAbwBuAGQAdQBjAHQAcwAgAHIAZQBzAGUAYQByAGMAaAAgAGYAbwByACAAKABhAG4AZAAgAHcAaQB0AGgAKQAgAHMAbwBjAGkAZQB0AHkALAAgAG0AYQBrAGUAcwAgAG0AZQBtAG8AcgB5ACAAcwB0AHUAZABpAGUAcwAgAGUAZgBmAGUAYwB0AGkAdgBlACAAZgBvAHIAIABjAGkAdgBpAGwAIABzAG8AYwBpAGUAdAB5ACwAIABzAGgAYQBwAGUAcwAgAHMAbwBjAGkAYQBsACAAaQBuAG4AbwB2AGEAdABpAG8AbgBzACAAYQBuAGQAIABwAGwAYQBjAGUAcwAgAG0AYQBqAG8AcgAgAHMAbwBjAGkAYQBsACAAYwBoAGEAbABsAGUAbgBnAGUAcwAgAGEAdAAgAHQAaABlACAAYwBlAG4AdAByAGUAIABvAGYAIABpAHQAcwAgAHIAZQBzAGUAYQByAGMAaAAuAAUTAAAAAQkAAAAAAQAMAQAUAQAIAAAAAAUTAAAAAQkAAAAAAQAMAQAUAQAIAAAAAAUTAAAAAQkAAAAAAQAMAQAUAQAIAAAAAAoAAAAAAAAAABEAAAAAbwAAAAASAAAAAQYAAAAACQYAAAAAGwYAAAAAAU4AAAAoAQcpAQcqAQcrAQUTAQEIBBgAAAAWBBgAAAAZBgoAAABkAGUALQBEAEUAGgYKAAAAYQByAC0AUwBBABsGCgAAAGUAbgAtAFUAUwAuAQMCAAAAAA==\">The research day examines memory practices that constitute cultural memory (Erinnerungskultur) by taking up societal perspectives \u2013 notably in regard to examples such as heritage, virtuality and intersectionality. It analyzes the diversity of memory practices as coexistence of different references to the past in the present and investigates the various functions and strategies that actors pursue by \u00bbdoing memory\u00ab. It thus contributes to the development of a scientific field of memory studies that conducts research for (and with) society, makes memory studies effective for civil society, shapes social innovations and places major social challenges at the centre of its research.<\/p>\n<p><strong>Time: <\/strong>Mon, May 6, 2024, 10:00 a.m. \u2013 4:00 p.m.<strong><span class=\"Apple-converted-space\"><br \/>\n<\/span>Venue:<\/strong> Room 11, KISD \/ CICS, Ubierring 40, 50678 K\u00f6ln<\/p>\n<p>&nbsp;<\/p>\n<div id='gallery-1' class='gallery galleryid-97261 gallery-columns-4 gallery-size-thumbnail'><dl class='gallery-item'>\n\t\t\t<dt class='gallery-icon landscape'>\n\t\t\t\t<a href='https:\/\/kisd.de\/en\/research\/research-day-2023\/forschungstag-erinnerungskultur_14-2-2\/'><img loading=\"lazy\" decoding=\"async\" width=\"150\" height=\"150\" src=\"https:\/\/kisd.de\/app\/uploads\/2024\/05\/Forschungstag-Erinnerungskultur_14-150x150.jpg\" class=\"attachment-thumbnail size-thumbnail\" alt=\"\" \/><\/a>\n\t\t\t<\/dt><\/dl><dl class='gallery-item'>\n\t\t\t<dt class='gallery-icon landscape'>\n\t\t\t\t<a href='https:\/\/kisd.de\/en\/research\/research-day-2023\/olympus-digital-camera-9-3-2\/'><img loading=\"lazy\" decoding=\"async\" width=\"150\" height=\"150\" src=\"https:\/\/kisd.de\/app\/uploads\/2024\/05\/Forschungstag-Erinnerungskultur_24-150x150.jpg\" class=\"attachment-thumbnail size-thumbnail\" alt=\"\" \/><\/a>\n\t\t\t<\/dt><\/dl><dl class='gallery-item'>\n\t\t\t<dt class='gallery-icon landscape'>\n\t\t\t\t<a href='https:\/\/kisd.de\/en\/research\/research-day-2023\/forschungstag-erinnerungskultur_05-2-2\/'><img loading=\"lazy\" decoding=\"async\" width=\"150\" height=\"150\" src=\"https:\/\/kisd.de\/app\/uploads\/2024\/05\/Forschungstag-Erinnerungskultur_05-150x150.jpg\" class=\"attachment-thumbnail size-thumbnail\" alt=\"\" \/><\/a>\n\t\t\t<\/dt><\/dl><dl class='gallery-item'>\n\t\t\t<dt class='gallery-icon landscape'>\n\t\t\t\t<a href='https:\/\/kisd.de\/en\/research\/research-day-2023\/forschungstag-erinnerungskultur_09-2-2\/'><img loading=\"lazy\" decoding=\"async\" width=\"150\" height=\"150\" src=\"https:\/\/kisd.de\/app\/uploads\/2024\/05\/Forschungstag-Erinnerungskultur_09-150x150.jpg\" class=\"attachment-thumbnail size-thumbnail\" alt=\"\" \/><\/a>\n\t\t\t<\/dt><\/dl><br style=\"clear: both\" \/><dl class='gallery-item'>\n\t\t\t<dt class='gallery-icon landscape'>\n\t\t\t\t<a href='https:\/\/kisd.de\/en\/research\/research-day-2023\/forschungstag-erinnerungskultur_10-2-2\/'><img loading=\"lazy\" decoding=\"async\" width=\"150\" height=\"150\" src=\"https:\/\/kisd.de\/app\/uploads\/2024\/05\/Forschungstag-Erinnerungskultur_10-150x150.jpg\" class=\"attachment-thumbnail size-thumbnail\" alt=\"\" \/><\/a>\n\t\t\t<\/dt><\/dl><dl class='gallery-item'>\n\t\t\t<dt class='gallery-icon landscape'>\n\t\t\t\t<a href='https:\/\/kisd.de\/en\/research\/research-day-2023\/forschungstag-erinnerungskultur_18-2-2\/'><img loading=\"lazy\" decoding=\"async\" width=\"150\" height=\"150\" src=\"https:\/\/kisd.de\/app\/uploads\/2024\/05\/Forschungstag-Erinnerungskultur_18-150x150.jpg\" class=\"attachment-thumbnail size-thumbnail\" alt=\"\" \/><\/a>\n\t\t\t<\/dt><\/dl><dl class='gallery-item'>\n\t\t\t<dt class='gallery-icon landscape'>\n\t\t\t\t<a href='https:\/\/kisd.de\/en\/research\/research-day-2023\/olympus-digital-camera-10-3-2\/'><img loading=\"lazy\" decoding=\"async\" width=\"150\" height=\"150\" src=\"https:\/\/kisd.de\/app\/uploads\/2024\/05\/Forschungstag-Erinnerungskultur_23-150x150.jpg\" class=\"attachment-thumbnail size-thumbnail\" alt=\"\" \/><\/a>\n\t\t\t<\/dt><\/dl><dl class='gallery-item'>\n\t\t\t<dt class='gallery-icon landscape'>\n\t\t\t\t<a href='https:\/\/kisd.de\/en\/research\/research-day-2023\/forschungstag-erinnerungskultur_16-2-2\/'><img loading=\"lazy\" decoding=\"async\" width=\"150\" height=\"150\" src=\"https:\/\/kisd.de\/app\/uploads\/2024\/05\/Forschungstag-Erinnerungskultur_16-150x150.jpg\" class=\"attachment-thumbnail size-thumbnail\" alt=\"\" \/><\/a>\n\t\t\t<\/dt><\/dl><br style=\"clear: both\" \/>\n\t\t<\/div>\n\n<p><strong>Organisation:<\/strong><br \/>\nDar\u00edo Moraz\u00e1n (dario.morazan@th-koeln.de)<br \/>\nDr. Alexander van Wickeren (alexander.van_wickeren@th-koeln.de)<\/p>\n<p>Talks with a German title will be held in German, talks with an English title in English.<br \/>\nThe event is open to the public and free of charge.<\/p>\n<p>10:00 \u2013 10:10 a.m.<span class=\"Apple-converted-space\"><br \/>\n<\/span><strong>Welcome\u00a0<\/strong><br \/>\nProf. Dr. Regina Urbanek<br \/>\nDean,\u00a0Faculty of Cultural Sciences, TH K\u00f6ln<\/p>\n<p>Prof. Dr. Carolin H\u00f6fler<br \/>\nVice Dean for Research and Transfer, Faculty of Cultural Sciences, TH K\u00f6ln<\/p>\n<p>10:10 \u2013 10:45 a.m.<span class=\"Apple-converted-space\"><br \/>\n<\/span><strong>Memory Practices: Introduction<\/strong><br \/>\nDar\u00edo Moraz\u00e1n, Dr. Alexander van Wickeren<b><br \/>\n<\/b>Scientific Coordination Research, Faculty of Cultural Sciences, TH K\u00f6ln<\/p>\n<p>10:45 \u2013 11:30 a.m.<br \/>\n<strong>Decolonising the Museum: The exhibition \u00bbRESIST! The Art of Resistance\u00ab at Rautenstrauch-Joest Museum<\/strong><br \/>\nNanette Snoep<br \/>\nDirection,\u00a0Rautenstrauch-Joest Museum Cologne<\/p>\n<p>11:30 \u2013 11:45 a.m.<br \/>\nCoffee break<\/p>\n<h2 class=\"docData;DOCY;v5;2649;BQiAAgAAEYQCAAAGiAIAAAPYCQAABeYJAAAAAAAAAAAAAAAAAAAAAAAAAAAAAAAAAAAAAAAAAAAAAAAAAAAAAAAAAAAAAAAAAAAAAAAAAAAAAAAAAAAAAAAAAAAAAAAAAAAAAAAAAAAAAAAAAAAAAAAAAAAAAAAAAAAAAAAAAAAAAAAAAAAAAAAAAAAAAAAAAAAAAAAAAAAAAAAAAAAAAAAAAAAAAAAAAAAAAAAAAAAAAAAAAAAAAAAAAAAAAAAAAAAAAAAAAAAAAAAAAAAAAAAAAAAAAAAAAAAAAAAAAAAAAAAAAAAAAAAAAAAAAAAAAAAAAAAAAAAAAAAAAAAAAAAAAAAAAAAAAAAAAAAAAAAAAAAAAAAAAAAAAAAAAAAAAAAAAAAAAAAAAAAAAAAAAAAAAAAAAAAAAAAAAAAAAAAAAAAAAAAAAAAAAAAAAAAAAAAAAAAAAAAAAAAAAAAAAAAAAAAAAAAAAAAAAAAAAAAAAAAAAAAAAAAAAAAAAAAAAAAAAAAAAAAAAAAAAAAAAAAAAAAAAAAAAAAAAAAAAAAAAAAAAAAAAAAAAAAAAAAAAAAAAAAAAAAAAAAAAAAAAAAAAAAAAAAAAAAAAAAAAAAAAAAAAAAAAAAAAAAAAAAAAAAAAAAAAAAAAAAAAAAAAAAAAAAAAAAAAAAAAAAAAAAAAAAAAAAAAAAAAAAAAAAAAAAAAAAAAAAAAAAAAAAAAAAAAAAAAAAAAAAAAAAAAAAAAAAAAAAAAAAAAAAAAAAAAAAAAAAAAAAAAAAAAAAAAAAAAAAAAAAAAAAAAAAAAAAAAAAAAAAAAAAAAAAAAAAAAAAAAAAAAAAAAAAAAAAAAAAAAAAAAAAATAcAAABHBwAAASEAAAABBgAAAAAJBgAAAAAaBgkAAAAAAQAMAQAUAQAbBgAAAAACHAcAAAUTAAAAAQkAAAAAAQAMAQAUAQAIAAAAAAUaAAAAAQkAAAAAAQAMAQAUAQAIBwAAAAACAAAARAAF+gEAAAEJAAAAAAEADAEAFAEACOcBAAAA4gEAAGUAcgAgAEYAbwByAHMAYwBoAHUAbgBnAHMAdABhAGcAIAB1AG4AdABlAHIAcwB1AGMAaAB0ACAARQByAGkAbgBuAGUAcgB1AG4AZwBzAHAAcgBhAGsAdABpAGsAZQBuACwAIABkAGkAZQAgAGQAYQBzACAAawB1AGwAdAB1AHIAZQBsAGwAZQAgAEcAZQBkAOQAYwBoAHQAbgBpAHMAIABrAG8AbgBzAHQAaQB0AHUAaQBlAHIAZQBuACwAIABpAG4AZABlAG0AIABlAHIAIABnAGUAcwBlAGwAbABzAGMAaABhAGYAdABsAGkAYwBoAGUAIABQAGUAcgBzAHAAZQBrAHQAaQB2AGUAbgAgAGEAdQBmAGcAcgBlAGkAZgB0ACAALQAgAGkAbgBzAGIAZQBzAG8AbgBkAGUAcgBlACAAaQBtACAASABpAG4AYgBsAGkAYwBrACAAYQB1AGYAIABCAGUAaQBzAHAAaQBlAGwAZQAgAHcAaQBlACAARQByAGIAZQAsACAAVgBpAHIAdAB1AGEAbABpAHQA5AB0ACAAdQBuAGQAIABJAG4AdABlAHIAcwBlAGsAdABpAG8AbgBhAGwAaQB0AOQAdAAuACAARQByACAAYQBuAGEAbAB5AHMABRoAAAABCQAAAAABAAwBABQBAAgHAAAAAAIAAABpAAUYAgAAAQkAAAAAAQAMAQAUAQAIBQIAAAAAAgAAZQByAHQAIABkAGkAZQAgAFYAaQBlAGwAZgBhAGwAdAAgAHYAbwBuACAARQByAGkAbgBuAGUAcgB1AG4AZwBzAHAAcgBhAGsAdABpAGsAZQBuACAAYQBsAHMAIABLAG8AZQB4AGkAcwB0AGUAbgB6ACAAdQBuAHQAZQByAHMAYwBoAGkAZQBkAGwAaQBjAGgAZQByACAAVgBlAHIAZwBhAG4AZwBlAG4AaABlAGkAdABzAGIAZQB6APwAZwBlACAAaQBuACAAZABlAHIAIABHAGUAZwBlAG4AdwBhAHIAdAAgAHUAbgBkACAAdQBuAHQAZQByAHMAdQBjAGgAdAAgAGQAaQBlACAAdgBlAHIAcwBjAGgAaQBlAGQAZQBuAGUAbgAgAEYAdQBuAGsAdABpAG8AbgBlAG4AIAB1AG4AZAAgAFMAdAByAGEAdABlAGcAaQBlAG4ALAAgAGQAaQBlACAAQQBrAHQAZQB1AHIAZQAgAG0AaQB0ACAAZABlAG0AIAAiAGQAbwBpAG4AZwAgAG0AZQBtAG8AcgB5ACIAIAB2AGUAcgBmAG8AbABnAGUAbgAuACAARQByACAAdAByAOQAZwB0ACAAZABhAG0AaQB0ACAAegB1AHIAIABFAG4AdAB3AGkAYwBrAGwAdQBuAGcAIABlAGkAbgBlAHMAIAAFDgIAAAEJAAAAAAEADAEAFAEACPsBAAAA9gEAAGEAawBhAGQAZQBtAGkAcwBjAGgAZQBuACAARgBlAGwAZABlAHMAIABkAGUAcgAgAEUAcgBpAG4AbgBlAHIAdQBuAGcAcwBmAG8AcgBzAGMAaAB1AG4AZwAgAGIAZQBpACwAIABkAGEAcwAgAGYA\/AByACAAKAB1AG4AZAAgAG0AaQB0ACkAIABkAGUAcgAgAEcAZQBzAGUAbABsAHMAYwBoAGEAZgB0ACAAZgBvAHIAcwBjAGgAdAAsACAARQByAGkAbgBuAGUAcgB1AG4AZwBzAGYAbwByAHMAYwBoAHUAbgBnACAAZgD8AHIAIABkAGkAZQAgAFoAaQB2AGkAbABnAGUAcwBlAGwAbABzAGMAaABhAGYAdAAgAHcAaQByAGsAcwBhAG0AIABtAGEAYwBoAHQALAAgAHMAbwB6AGkAYQBsAGUAIABJAG4AbgBvAHYAYQB0AGkAbwBuAGUAbgAgAGcAZQBzAHQAYQBsAHQAZQB0ACAAdQBuAGQAIABnAHIAbwDfAGUAIABnAGUAcwBlAGwAbABzAGMAaABhAGYAdABsAGkAYwBoAGUAIABIAGUAcgBhAHUAcwBmAG8AcgBkAGUAcgB1AG4AZwBlAG4AIABpAG4AIABkAGUAbgAgAE0AaQB0AHQAZQBsAHAAdQBuAGsAdAAFSgAAAAEJAAAAAAEADAEAFAEACDcAAAAAMgAAACAAcwBlAGkAbgBlAHIAIABGAG8AcgBzAGMAaAB1AG4AZwAgAHMAdABlAGwAbAB0AC4ABRMAAAABCQAAAAABAAwBABQBAAgAAAAABRMAAAABCQAAAAABAAwBABQBAAgAAAAABRMAAAABCQAAAAABAAwBABQBAAgAAAAACgAAAAAAAAAAEQAAAABvAAAAABIAAAABBgAAAAAJBgAAAAAbBgAAAAABTgAAACgBBykBByoBBysBBRMBAQgEGAAAABYEGAAAABkGCgAAAGQAZQAtAEQARQAaBgoAAABhAHIALQBTAEEAGwYKAAAAZQBuAC0AVQBTAC4BAwIAAAAA\">1. Panel: Heritage \u2013 Publics &amp; Morality<\/h2>\n<p class=\"docData;DOCY;v5;2649;BQiAAgAAEYQCAAAGiAIAAAPYCQAABeYJAAAAAAAAAAAAAAAAAAAAAAAAAAAAAAAAAAAAAAAAAAAAAAAAAAAAAAAAAAAAAAAAAAAAAAAAAAAAAAAAAAAAAAAAAAAAAAAAAAAAAAAAAAAAAAAAAAAAAAAAAAAAAAAAAAAAAAAAAAAAAAAAAAAAAAAAAAAAAAAAAAAAAAAAAAAAAAAAAAAAAAAAAAAAAAAAAAAAAAAAAAAAAAAAAAAAAAAAAAAAAAAAAAAAAAAAAAAAAAAAAAAAAAAAAAAAAAAAAAAAAAAAAAAAAAAAAAAAAAAAAAAAAAAAAAAAAAAAAAAAAAAAAAAAAAAAAAAAAAAAAAAAAAAAAAAAAAAAAAAAAAAAAAAAAAAAAAAAAAAAAAAAAAAAAAAAAAAAAAAAAAAAAAAAAAAAAAAAAAAAAAAAAAAAAAAAAAAAAAAAAAAAAAAAAAAAAAAAAAAAAAAAAAAAAAAAAAAAAAAAAAAAAAAAAAAAAAAAAAAAAAAAAAAAAAAAAAAAAAAAAAAAAAAAAAAAAAAAAAAAAAAAAAAAAAAAAAAAAAAAAAAAAAAAAAAAAAAAAAAAAAAAAAAAAAAAAAAAAAAAAAAAAAAAAAAAAAAAAAAAAAAAAAAAAAAAAAAAAAAAAAAAAAAAAAAAAAAAAAAAAAAAAAAAAAAAAAAAAAAAAAAAAAAAAAAAAAAAAAAAAAAAAAAAAAAAAAAAAAAAAAAAAAAAAAAAAAAAAAAAAAAAAAAAAAAAAAAAAAAAAAAAAAAAAAAAAAAAAAAAAAAAAAAAAAAAAAAAAAAAAAAAAAAAAAAAAAAAAAAAAAAAAAAAAAAAAAAAAAAAAAAAAAAAAAAATAcAAABHBwAAASEAAAABBgAAAAAJBgAAAAAaBgkAAAAAAQAMAQAUAQAbBgAAAAACHAcAAAUTAAAAAQkAAAAAAQAMAQAUAQAIAAAAAAUaAAAAAQkAAAAAAQAMAQAUAQAIBwAAAAACAAAARAAF+gEAAAEJAAAAAAEADAEAFAEACOcBAAAA4gEAAGUAcgAgAEYAbwByAHMAYwBoAHUAbgBnAHMAdABhAGcAIAB1AG4AdABlAHIAcwB1AGMAaAB0ACAARQByAGkAbgBuAGUAcgB1AG4AZwBzAHAAcgBhAGsAdABpAGsAZQBuACwAIABkAGkAZQAgAGQAYQBzACAAawB1AGwAdAB1AHIAZQBsAGwAZQAgAEcAZQBkAOQAYwBoAHQAbgBpAHMAIABrAG8AbgBzAHQAaQB0AHUAaQBlAHIAZQBuACwAIABpAG4AZABlAG0AIABlAHIAIABnAGUAcwBlAGwAbABzAGMAaABhAGYAdABsAGkAYwBoAGUAIABQAGUAcgBzAHAAZQBrAHQAaQB2AGUAbgAgAGEAdQBmAGcAcgBlAGkAZgB0ACAALQAgAGkAbgBzAGIAZQBzAG8AbgBkAGUAcgBlACAAaQBtACAASABpAG4AYgBsAGkAYwBrACAAYQB1AGYAIABCAGUAaQBzAHAAaQBlAGwAZQAgAHcAaQBlACAARQByAGIAZQAsACAAVgBpAHIAdAB1AGEAbABpAHQA5AB0ACAAdQBuAGQAIABJAG4AdABlAHIAcwBlAGsAdABpAG8AbgBhAGwAaQB0AOQAdAAuACAARQByACAAYQBuAGEAbAB5AHMABRoAAAABCQAAAAABAAwBABQBAAgHAAAAAAIAAABpAAUYAgAAAQkAAAAAAQAMAQAUAQAIBQIAAAAAAgAAZQByAHQAIABkAGkAZQAgAFYAaQBlAGwAZgBhAGwAdAAgAHYAbwBuACAARQByAGkAbgBuAGUAcgB1AG4AZwBzAHAAcgBhAGsAdABpAGsAZQBuACAAYQBsAHMAIABLAG8AZQB4AGkAcwB0AGUAbgB6ACAAdQBuAHQAZQByAHMAYwBoAGkAZQBkAGwAaQBjAGgAZQByACAAVgBlAHIAZwBhAG4AZwBlAG4AaABlAGkAdABzAGIAZQB6APwAZwBlACAAaQBuACAAZABlAHIAIABHAGUAZwBlAG4AdwBhAHIAdAAgAHUAbgBkACAAdQBuAHQAZQByAHMAdQBjAGgAdAAgAGQAaQBlACAAdgBlAHIAcwBjAGgAaQBlAGQAZQBuAGUAbgAgAEYAdQBuAGsAdABpAG8AbgBlAG4AIAB1AG4AZAAgAFMAdAByAGEAdABlAGcAaQBlAG4ALAAgAGQAaQBlACAAQQBrAHQAZQB1AHIAZQAgAG0AaQB0ACAAZABlAG0AIAAiAGQAbwBpAG4AZwAgAG0AZQBtAG8AcgB5ACIAIAB2AGUAcgBmAG8AbABnAGUAbgAuACAARQByACAAdAByAOQAZwB0ACAAZABhAG0AaQB0ACAAegB1AHIAIABFAG4AdAB3AGkAYwBrAGwAdQBuAGcAIABlAGkAbgBlAHMAIAAFDgIAAAEJAAAAAAEADAEAFAEACPsBAAAA9gEAAGEAawBhAGQAZQBtAGkAcwBjAGgAZQBuACAARgBlAGwAZABlAHMAIABkAGUAcgAgAEUAcgBpAG4AbgBlAHIAdQBuAGcAcwBmAG8AcgBzAGMAaAB1AG4AZwAgAGIAZQBpACwAIABkAGEAcwAgAGYA\/AByACAAKAB1AG4AZAAgAG0AaQB0ACkAIABkAGUAcgAgAEcAZQBzAGUAbABsAHMAYwBoAGEAZgB0ACAAZgBvAHIAcwBjAGgAdAAsACAARQByAGkAbgBuAGUAcgB1AG4AZwBzAGYAbwByAHMAYwBoAHUAbgBnACAAZgD8AHIAIABkAGkAZQAgAFoAaQB2AGkAbABnAGUAcwBlAGwAbABzAGMAaABhAGYAdAAgAHcAaQByAGsAcwBhAG0AIABtAGEAYwBoAHQALAAgAHMAbwB6AGkAYQBsAGUAIABJAG4AbgBvAHYAYQB0AGkAbwBuAGUAbgAgAGcAZQBzAHQAYQBsAHQAZQB0ACAAdQBuAGQAIABnAHIAbwDfAGUAIABnAGUAcwBlAGwAbABzAGMAaABhAGYAdABsAGkAYwBoAGUAIABIAGUAcgBhAHUAcwBmAG8AcgBkAGUAcgB1AG4AZwBlAG4AIABpAG4AIABkAGUAbgAgAE0AaQB0AHQAZQBsAHAAdQBuAGsAdAAFSgAAAAEJAAAAAAEADAEAFAEACDcAAAAAMgAAACAAcwBlAGkAbgBlAHIAIABGAG8AcgBzAGMAaAB1AG4AZwAgAHMAdABlAGwAbAB0AC4ABRMAAAABCQAAAAABAAwBABQBAAgAAAAABRMAAAABCQAAAAABAAwBABQBAAgAAAAABRMAAAABCQAAAAABAAwBABQBAAgAAAAACgAAAAAAAAAAEQAAAABvAAAAABIAAAABBgAAAAAJBgAAAAAbBgAAAAABTgAAACgBBykBByoBBysBBRMBAQgEGAAAABYEGAAAABkGCgAAAGQAZQAtAEQARQAaBgoAAABhAHIALQBTAEEAGwYKAAAAZQBuAC0AVQBTAC4BAwIAAAAA\">11:45 a.m. \u2013 12:10 p.m.<b><br \/>\n<\/b><strong>\u00bbDer Rand des Denkbaren ist das, was man heute Erinnerung nennt.\u00ab<\/strong><br \/>\nPD Dr. habil. Barbara Oettl<b><br \/>\n<\/b>CICS \u2013 Cologne Institute of Conservation Sciences, Faculty of Cultural Sciences, TH K\u00f6ln<\/p>\n<p>12:10 \u2013 12:35 p.m.<br \/>\n<strong>Post Mortem: Virtual Bauhaus<\/strong><br \/>\nProf. Bj\u00f6rn Bartholdy<b><br \/>\n<\/b>CGL \u2013 Cologne Game Lab, TH K\u00f6ln<\/p>\n<p>12:35 \u2013 13:35 p.m.<br \/>\nLunch break &amp; Exhibition<\/p>\n<h2>2. Panel: Virtuality \u2013 City &amp; Policy<\/h2>\n<p>1:35 \u2013 2:00 p.m.<br \/>\n<strong>Erinnerungskultur und identit\u00e4tspolitische Raumproduktion<\/strong><br \/>\nProf. Andreas Wrede<b><br \/>\n<\/b>KISD \u2013 K\u00f6ln International School of Design, TH K\u00f6ln<\/p>\n<p>2:00 \u2013 2:25 p.m.<br \/>\n<strong>Beyond the Glass Case: Bringing Cultural Heritage to Life with VR<\/strong><br \/>\nSavish Uttam<b><br \/>\n<\/b>CGL \u2013 Cologne Game Lab, TH K\u00f6ln<\/p>\n<p>2:25 \u2013 2:55 p.m.<br \/>\nCoffee break &amp; Exhibition<\/p>\n<h2>3. Panel: Intersectionality \u2013 Gender &amp; Race<\/h2>\n<p>2:55 \u2013 3:20 p.m.<br \/>\n<strong>Female Rage: The Visual Language of the Global Women\u2019s Protest<\/strong><br \/>\nProf. Dr. Iris Utikal &amp; Juliana Guti\u00e9rrez C\u00e1tica<b><br \/>\n<\/b>KISD \u2013 K\u00f6ln International School of Design, TH K\u00f6ln<\/p>\n<p>3:20 \u2013 3:45 p.m.<br \/>\n<strong>Decolonial Forms of Conveying Colonial Heritage: Approaches to Developing Playful and Multimodal Memory Artifacts in Museums<\/strong><br \/>\nDr. Philipp Bojahr<br \/>\nCGL \u2013 Cologne Game Lab, TH K\u00f6ln<\/p>\n<p>3:45\u00a0\u2013 4:00 Uhr<br \/>\n<b>Concluding Remarks<\/b><\/p>\n<p>This is an on-site event and we kinldy ask everyone to attend in person. If this is not possible for you, please register for online attendance via the following link by May 5, 2024: <a title=\"https:\/\/t.ly\/EJvrj\" href=\"https:\/\/t.ly\/EJvrj\"><u>https:\/\/t.ly\/EJvrj<\/u><\/a><\/p>\n<p><a href=\"https:\/\/kisd.de\/wp-content\/uploads\/2024\/04\/programm-forschungstag-2024-qr-code.pdf\">Program<\/a><\/p>\n<p>Image: \u00bb<span style=\"color: #3c3c3b;\">What will replace you?\u00ab by <\/span>Gift Uzera, Muningandu Hoveka, and Nicola Brandt, Windhoek, Namibia, November 24 , 2022. The photograph is part of the work<span style=\"color: #000000;\"> \u00bb<a href=\"https:\/\/www.nicolabrandt.com\/man-of-war-leave-my-house\/\">Man of War: Leave My House<\/a>\u00ab.<\/span><\/p>\n<p>Photos of the research day: Wanda Freudig, Franziska Kollmann, and\u00a0Patrick Schwarz<\/p>\n<p>&#8230;&#8230;&#8230;&#8230;&#8230;&#8230;&#8230;&#8230;&#8230;&#8230;&#8230;&#8230;&#8230;&#8230;&#8230;&#8230;&#8230;&#8230;&#8230;&#8230;&#8230;&#8230;&#8230;&#8230;&#8230;&#8230;&#8230;&#8230;&#8230;&#8230;&#8230;&#8230;&#8230;&#8230;&#8230;&#8230;&#8230;&#8230;&#8230;&#8230;.<\/p>\n<h2>\u00bbMemory Artefacts\u00ab<span class=\"Apple-converted-space\"><br \/>\n<\/span>Research Day of the\u00a0Faculty of Cultural Sciences <span style=\"color: #ff0000;\">2023<\/span><\/h2>\n<p>The research day invites to reflect on \u00bbMemory Artefacts\u00ab. In recent years, questions about memory culture and collective memory have been booming in the cultural studies. The aim of the event is to mobilize the expertise available at the Faculty of Cultural Sciences and other institutes of the TH K\u00f6ln on media artifacts \u2013 i.e. physical as well as digital objects, places and systems that are subject to human intervention &#8211; for the development of new perspectives on memory culture. The research day serves the faculty and the cooperating institutes of TH K\u00f6ln as a central stage towards a joint interdisciplinary collaborative project.<\/p>\n<p>Time: May 8, 2023 <span class=\"Apple-converted-space\"><br \/>\n<\/span>Venue: Room 11, KISD \/ CICS, Ubierring 40, 50678 K\u00f6ln<br \/>\nOrganisation: <a href=\"alexander.van_wickeren@th-koeln.de\">Dr. Alexander van Wickeren<\/a><\/p>\n<p>09:00 \u2013 09:05<span class=\"Apple-converted-space\"><br \/>\n<\/span>Begr\u00fc\u00dfung<br \/>\n<b>Prof. Dr. Regina Urbanek, Dekanin<br \/>\n<\/b>CICS \u2013 Cologne Institute of Conservation Sciences, Fakult\u00e4t f\u00fcr Kulturwissenschaften, TH K\u00f6ln<\/p>\n<p>09:05 \u2013 09:25<span class=\"Apple-converted-space\"><br \/>\n<\/span>Einleitung<br \/>\n<b>Dr. Alexander van Wickeren<br \/>\n<\/b>Fakult\u00e4t f\u00fcr Kulturwissenschaften &amp; Fakult\u00e4t f\u00fcr Architektur, TH K\u00f6ln<\/p>\n<h2>1. Panel: Politik<\/h2>\n<p>09:25 \u2013 09:50<br \/>\n(Whose) memories set in stone?! \u2013 Erinnern als r\u00e4umlich-urbane Praktik und Ausdruck von Widerstand und Emanzipation<br \/>\n<b>Sonja Gaedicke MA<br \/>\n<\/b>Institut f\u00fcr Geschlechterstudien, TH K\u00f6ln<\/p>\n<p>09:50 \u2013 10:00<br \/>\nUrbane Spuren des Kolonialismus, Imperialismus und Nationalismus \u2013 Mediales <i>Re-Framing <\/i>von \u00bbErinnerungsartefakten\u00ab in der Stadt K\u00f6ln<br \/>\n<b>Prof. Andreas Wrede<br \/>\n<\/b>KISD \u2013 K\u00f6ln International School of Design, TH K\u00f6ln<\/p>\n<p>10:00 \u2013 10:20<br \/>\nSchlamm \u2013 ein neues Material der Erinnerungskultur? Artefakte als Teil einer Resilienzstrategie der Hochwasserkatastrophe 2021<br \/>\n<b>Prof. Dr. Tilly Laaser<br \/>\n<\/b>CICS <b>\u2013 <\/b>Cologne Institute of Conservation Sciences, TH K\u00f6ln,<br \/>\n<b>Heike Wernz-Kaiser MA<br \/>\n<\/b>Stadtverwaltung Bad Neuenahr-Ahrweiler<\/p>\n<p>10:20 \u2013 10:35<br \/>\nDiskussion<\/p>\n<p>10:35 \u2013 10:50<br \/>\nKaffeepause<\/p>\n<h2>2. Panel: Digitalisierung<\/h2>\n<p>10:50 \u2013 11:15<br \/>\nQuerying digital memory: beyond prompt-engineering<br \/>\n<b>Prof. Dr. Lasse Scherffig<br \/>\n<\/b>KISD \u2013 K\u00f6ln International School of Design, TH K\u00f6ln<\/p>\n<p>11:15 \u2013 11:40<br \/>\nMaterielle Zeugen, digitale Muster. Zur Inszenierung einer ambivalenten Wirklichkeit<br \/>\n<b>Prof. Dr. Carolin H\u00f6fler<br \/>\n<\/b>KISD \u2013 K\u00f6ln International School of Design, Fakult\u00e4t f\u00fcr Kulturwissenschaften, TH K\u00f6ln<\/p>\n<p>11:40 \u2013 11:55<br \/>\nDiskussion<\/p>\n<p>11:55 \u2013 13:00<br \/>\nMittagspause<\/p>\n<h2>3. Panel: Vermittlung<\/h2>\n<p>13:00 \u2013 13:10<br \/>\nMagisches Dreieck \u2013 Erinnerungsartefakte, Kulturguterhalt und Didaktik<br \/>\n<b>Prof. Dr. Andrea Pataki-Hundt &amp; Marlen B\u00f6rngen MA<br \/>\n<\/b>CICS \u2013 Cologne Institute of Conservation Sciences<\/p>\n<p>13:10 \u2013 13:35<br \/>\nPlaymode Cultural Heritage<br \/>\n<b>Prof. Adrian Heritage<br \/>\n<\/b>CICS \u2013 Cologne Institute of Conservation Sciences<\/p>\n<p>13:35 \u2013 13:50<br \/>\nGezielt Besser Erinnern \u2013 Spiele als Lernartefakte<br \/>\n<b>Prof. Dr. Greta Hoffmann<br \/>\n<\/b>CGL \u2013 Cologne Game Lab, TH K\u00f6ln<\/p>\n<p>13:50 \u2013 14:05<br \/>\nDiskussion<\/p>\n<p>14:05 \u2013 14:20<br \/>\nAbschlussdiskussion<\/p>\n<p><a href=\"https:\/\/kisd.de\/wp-content\/uploads\/2023\/04\/Programm-Forschungstag-Erinnerungsartefakte-Memory-Artefacts-8-Mai-2023.pdf\">Programm Forschungstag als PDF<\/a><\/p>\n","protected":false},"excerpt":{"rendered":"<p>\u00bbMemory Practices \u2013 Societal Perspectives\u00ab Research Day of the\u00a0Faculty of Cultural Sciences 2024 The research day examines memory practices that constitute cultural memory (Erinnerungskultur) by\u2026<\/p>\n","protected":false},"author":10,"featured_media":99884,"parent":92427,"menu_order":12,"comment_status":"closed","ping_status":"closed","template":"","meta":{"footnotes":""},"categories":[373526],"class_list":["post-97261","page","type-page","status-publish","has-post-thumbnail","hentry","category-research"],"_links":{"self":[{"href":"https:\/\/kisd.de\/en\/wp-json\/wp\/v2\/pages\/97261","targetHints":{"allow":["GET"]}}],"collection":[{"href":"https:\/\/kisd.de\/en\/wp-json\/wp\/v2\/pages"}],"about":[{"href":"https:\/\/kisd.de\/en\/wp-json\/wp\/v2\/types\/page"}],"author":[{"embeddable":true,"href":"https:\/\/kisd.de\/en\/wp-json\/wp\/v2\/users\/10"}],"replies":[{"embeddable":true,"href":"https:\/\/kisd.de\/en\/wp-json\/wp\/v2\/comments?post=97261"}],"version-history":[{"count":19,"href":"https:\/\/kisd.de\/en\/wp-json\/wp\/v2\/pages\/97261\/revisions"}],"predecessor-version":[{"id":100344,"href":"https:\/\/kisd.de\/en\/wp-json\/wp\/v2\/pages\/97261\/revisions\/100344"}],"up":[{"embeddable":true,"href":"https:\/\/kisd.de\/en\/wp-json\/wp\/v2\/pages\/92427"}],"wp:featuredmedia":[{"embeddable":true,"href":"https:\/\/kisd.de\/en\/wp-json\/wp\/v2\/media\/99884"}],"wp:attachment":[{"href":"https:\/\/kisd.de\/en\/wp-json\/wp\/v2\/media?parent=97261"}],"wp:term":[{"taxonomy":"category","embeddable":true,"href":"https:\/\/kisd.de\/en\/wp-json\/wp\/v2\/categories?post=97261"}],"curies":[{"name":"wp","href":"https:\/\/api.w.org\/{rel}","templated":true}]}}