{"id":231,"date":"2016-02-18T16:40:47","date_gmt":"2016-02-18T16:40:47","guid":{"rendered":"https:\/\/kisd.de\/gdi\/?page_id=231"},"modified":"2022-08-06T10:45:43","modified_gmt":"2022-08-06T10:45:43","slug":"impressum","status":"publish","type":"page","link":"https:\/\/kisd.de\/gdi\/impressum\/","title":{"rendered":"Imprint"},"content":{"rendered":"<p class=\"bodytext\">KISD\u00a0K\u00f6ln International School of Design<br \/>\nUbierring 40<br \/>\n50678 K\u00f6ln<\/p>\n<p class=\"bodytext\">Telefon: +49 (0)221 8275-3607<br \/>\nTelefax: +49 (0)221 31 88 22<br \/>\nE-Mail: <a>direktorat(at)kisd.de<\/a><br \/>\nInternet: kisd.de<\/p>\n<p class=\"bodytext\">Die K\u00f6ln International School of Design ist eine wissenschaftliche Einrichtung der <a class=\"external-link-new-window\" title=\"Opens external link in new window\" href=\"https:\/\/www.th-koeln.de\/\" target=\"_blank\" rel=\"noopener noreferrer\">TH K\u00f6ln <\/a>(Technische Hochschule K\u00f6ln). Diese ist eine K\u00f6rperschaft des \u00d6ffentlichen Rechts. Sie wird gesetzlich vertreten durch den Pr\u00e4sidenten der TH K\u00f6ln, Prof. Dr. Herzig.<\/p>\n<h2>Zust\u00e4ndiges Ministerium des Landes NRW:<\/h2>\n<p class=\"bodytext\">Ministerium f\u00fcr Innovation, Wissenschaft und Forschung des Landes Nordrhein-Westfalen<br \/>\nV\u00f6lklinger Stra\u00dfe 49<br \/>\n40221 D\u00fcsseldorf<\/p>\n<p class=\"bodytext\">Telefon: +49 (0)211 896-03 \/ -04<br \/>\nTelefax: +49 (0)211 896-4555 und -3220<br \/>\nE-Mail: <a class=\"mail\" title=\"\u00d6ffnet ein Fenster zum Versenden der E-Mail\">poststelle(at)miwf.nrw.de<\/a><\/p>\n<p class=\"bodytext\">Die Website der K\u00f6ln International School of Design wird von uns in Eigenregie gepflegt und ausgebaut.\u00a0 .<\/p>\n<h2>Leitung<\/h2>\n<ul>\n<li><a class=\"internal-link\" title=\"\u00d6ffnet internen Link im aktuellen Fenster\" href=\"https:\/\/kisd.de\/studium\/menschen\/prof-philipp-heidkamp\/\">Prof. Philipp Heidkamp<\/a><\/li>\n<\/ul>\n","protected":false},"excerpt":{"rendered":"<p>KISD\u00a0K\u00f6ln International School of Design Ubierring 40 50678 K\u00f6ln Telefon: +49 (0)221 8275-3607 Telefax: +49 (0)221 31 88 22 E-Mail: direktorat(at)kisd.de Internet: kisd.de Die K\u00f6ln International School of Design ist eine wissenschaftliche Einrichtung der TH K\u00f6ln (Technische Hochschule K\u00f6ln). Diese ist eine K\u00f6rperschaft des \u00d6ffentlichen Rechts. Sie wird gesetzlich vertreten durch den Pr\u00e4sidenten der TH &hellip; <a href=\"https:\/\/kisd.de\/gdi\/impressum\/\" class=\"more-link\">Continue reading <span class=\"screen-reader-text\">Imprint<\/span><\/a><\/p>\n","protected":false},"author":1,"featured_media":0,"parent":0,"menu_order":0,"comment_status":"closed","ping_status":"closed","template":"","meta":[],"_links":{"self":[{"href":"https:\/\/kisd.de\/gdi\/wp-json\/wp\/v2\/pages\/231"}],"collection":[{"href":"https:\/\/kisd.de\/gdi\/wp-json\/wp\/v2\/pages"}],"about":[{"href":"https:\/\/kisd.de\/gdi\/wp-json\/wp\/v2\/types\/page"}],"author":[{"embeddable":true,"href":"https:\/\/kisd.de\/gdi\/wp-json\/wp\/v2\/users\/1"}],"replies":[{"embeddable":true,"href":"https:\/\/kisd.de\/gdi\/wp-json\/wp\/v2\/comments?post=231"}],"version-history":[{"count":5,"href":"https:\/\/kisd.de\/gdi\/wp-json\/wp\/v2\/pages\/231\/revisions"}],"predecessor-version":[{"id":416,"href":"https:\/\/kisd.de\/gdi\/wp-json\/wp\/v2\/pages\/231\/revisions\/416"}],"wp:attachment":[{"href":"https:\/\/kisd.de\/gdi\/wp-json\/wp\/v2\/media?parent=231"}],"curies":[{"name":"wp","href":"https:\/\/api.w.org\/{rel}","templated":true}]}}